{"id":2777,"date":"2022-03-22T11:52:41","date_gmt":"2022-03-22T08:52:41","guid":{"rendered":"https:\/\/www.akkushalicilik.com\/?page_id=2777"},"modified":"2023-01-30T19:52:09","modified_gmt":"2023-01-30T16:52:09","slug":"dinarsu","status":"publish","type":"page","link":"https:\/\/www.akkushalicilik.com\/?page_id=2777","title":{"rendered":"Dinarsu"},"content":{"rendered":"\t\t<div data-elementor-type=\"wp-page\" data-elementor-id=\"2777\" class=\"elementor elementor-2777\">\n\t\t\t\t\t\t<section class=\"elementor-section elementor-top-section elementor-element elementor-element-6fb815e8 elementor-section-height-min-height elementor-section-boxed elementor-section-height-default elementor-section-items-middle\" data-id=\"6fb815e8\" data-element_type=\"section\" data-e-type=\"section\" data-settings=\"{&quot;background_background&quot;:&quot;classic&quot;}\">\n\t\t\t\t\t\t\t<div class=\"elementor-background-overlay\"><\/div>\n\t\t\t\t\t\t\t<div class=\"elementor-container elementor-column-gap-default\">\n\t\t\t\t\t<div class=\"elementor-column elementor-col-100 elementor-top-column elementor-element elementor-element-7b19970d\" data-id=\"7b19970d\" data-element_type=\"column\" data-e-type=\"column\">\n\t\t\t<div class=\"elementor-widget-wrap elementor-element-populated\">\n\t\t\t\t\t\t<div class=\"elementor-element elementor-element-26179d3e elementor-widget elementor-widget-heading\" data-id=\"26179d3e\" data-element_type=\"widget\" data-e-type=\"widget\" data-widget_type=\"heading.default\">\n\t\t\t\t<div class=\"elementor-widget-container\">\n\t\t\t\t\t<h2 class=\"elementor-heading-title elementor-size-xl\">Dinarsu Duvardan Duvara<\/h2>\t\t\t\t<\/div>\n\t\t\t\t<\/div>\n\t\t\t\t\t<\/div>\n\t\t<\/div>\n\t\t\t\t\t<\/div>\n\t\t<\/section>\n\t\t\t\t<section class=\"elementor-section elementor-top-section elementor-element elementor-element-7ad95900 elementor-section-boxed elementor-section-height-default elementor-section-height-default\" data-id=\"7ad95900\" data-element_type=\"section\" data-e-type=\"section\">\n\t\t\t\t\t\t<div class=\"elementor-container elementor-column-gap-default\">\n\t\t\t\t\t<div class=\"elementor-column elementor-col-50 elementor-top-column elementor-element elementor-element-1b89d44a\" data-id=\"1b89d44a\" data-element_type=\"column\" data-e-type=\"column\">\n\t\t\t<div class=\"elementor-widget-wrap elementor-element-populated\">\n\t\t\t\t\t\t<div class=\"elementor-element elementor-element-38190e92 elementor-align-left elementor-widget elementor-widget-shopengine-product-category-lists\" data-id=\"38190e92\" data-element_type=\"widget\" data-e-type=\"widget\" data-settings=\"{&quot;_animation&quot;:&quot;none&quot;}\" data-widget_type=\"shopengine-product-category-lists.default\">\n\t\t\t\t<div class=\"elementor-widget-container\">\n\t\t\t\t\t<div class=\"shopengine shopengine-widget\">\n<div class=\"shopengine-product-category-lists\">\n\n    \n        <div class=\"shopengine-category-lists-grid\">\n\n                            \n                        <div class=\"single-cat-list-item\" >\n                            <div class=\"product-category-wrap\">\n                                <div class=\"single-product-category\">\n                                    <a title=\"Vebe\" href=\"https:\/\/www.akkushalicilik.com\/?product_cat=vebe\">\n                                        <h3 class=\"product-category-title\">\n                                            Vebe                                        <\/h3>\n\n                                                                            <\/a>\n                                    <!-- dot shap -->\n                                <\/div>\n                            <\/div>\n                        <\/div>\n                    \n                        <div class=\"single-cat-list-item\" >\n                            <div class=\"product-category-wrap\">\n                                <div class=\"single-product-category\">\n                                    <a title=\"Condor\" href=\"https:\/\/www.akkushalicilik.com\/?product_cat=condor\">\n                                        <h3 class=\"product-category-title\">\n                                            Condor                                        <\/h3>\n\n                                                                            <\/a>\n                                    <!-- dot shap -->\n                                <\/div>\n                            <\/div>\n                        <\/div>\n                    \n                        <div class=\"single-cat-list-item\" >\n                            <div class=\"product-category-wrap\">\n                                <div class=\"single-product-category\">\n                                    <a title=\"Dinarsu\" href=\"https:\/\/www.akkushalicilik.com\/?product_cat=dinarsu\">\n                                        <h3 class=\"product-category-title\">\n                                            Dinarsu                                        <\/h3>\n\n                                                                            <\/a>\n                                    <!-- dot shap -->\n                                <\/div>\n                            <\/div>\n                        <\/div>\n                    \n                        <div class=\"single-cat-list-item\" >\n                            <div class=\"product-category-wrap\">\n                                <div class=\"single-product-category\">\n                                    <a title=\"Susy\" href=\"https:\/\/www.akkushalicilik.com\/?product_cat=susy\">\n                                        <h3 class=\"product-category-title\">\n                                            Susy                                        <\/h3>\n\n                                                                            <\/a>\n                                    <!-- dot shap -->\n                                <\/div>\n                            <\/div>\n                        <\/div>\n                    \n                        <div class=\"single-cat-list-item\" >\n                            <div class=\"product-category-wrap\">\n                                <div class=\"single-product-category\">\n                                    <a title=\"Fuar Tip Hal\u0131\" href=\"https:\/\/www.akkushalicilik.com\/?product_cat=fuar\">\n                                        <h3 class=\"product-category-title\">\n                                            Fuar Tip Hal\u0131                                        <\/h3>\n\n                                                                            <\/a>\n                                    <!-- dot shap -->\n                                <\/div>\n                            <\/div>\n                        <\/div>\n                    \n                        <div class=\"single-cat-list-item\" >\n                            <div class=\"product-category-wrap\">\n                                <div class=\"single-product-category\">\n                                    <a title=\"Paspas\" href=\"https:\/\/www.akkushalicilik.com\/?product_cat=paspas\">\n                                        <h3 class=\"product-category-title\">\n                                            Paspas                                        <\/h3>\n\n                                                                            <\/a>\n                                    <!-- dot shap -->\n                                <\/div>\n                            <\/div>\n                        <\/div>\n                    \n                        <div class=\"single-cat-list-item\" >\n                            <div class=\"product-category-wrap\">\n                                <div class=\"single-product-category\">\n                                    <a title=\"Cami Hal\u0131\" href=\"https:\/\/www.akkushalicilik.com\/?product_cat=cami\">\n                                        <h3 class=\"product-category-title\">\n                                            Cami Hal\u0131                                        <\/h3>\n\n                                                                            <\/a>\n                                    <!-- dot shap -->\n                                <\/div>\n                            <\/div>\n                        <\/div>\n                                        <\/div>\n    \n<\/div><\/div>\t\t\t\t<\/div>\n\t\t\t\t<\/div>\n\t\t\t\t\t<\/div>\n\t\t<\/div>\n\t\t\t\t<div class=\"elementor-column elementor-col-50 elementor-top-column elementor-element elementor-element-73fc5611\" data-id=\"73fc5611\" data-element_type=\"column\" data-e-type=\"column\" data-settings=\"{&quot;background_background&quot;:&quot;classic&quot;}\">\n\t\t\t<div class=\"elementor-widget-wrap elementor-element-populated\">\n\t\t\t\t\t\t<div class=\"elementor-element elementor-element-2e9a505f elementor-widget elementor-widget-shopengine-product-list\" data-id=\"2e9a505f\" data-element_type=\"widget\" data-e-type=\"widget\" data-widget_type=\"shopengine-product-list.default\">\n\t\t\t\t<div class=\"elementor-widget-container\">\n\t\t\t\t\t<div class=\"shopengine shopengine-widget\">\n<div class=\"shopengine-product-list\">\n\n\t\n        <div class=\"product-list-grid\">\n\n\t\t\t\n\t\t\t\t\t<div class=\"shopengine-single-product-item\">\n\n\t\t\t\t\t\t<!-- product thumb -->\n\t\t\t\t\t\t<div class=\"product-thumb\">\n\n\t\t\t\t\t\t\t<!-- product thumb -->\n\t\t\t\t\t\t\t<a title=\"View Product Full Details\" href=\"https:\/\/www.akkushalicilik.com\/?product=atlantik\">\n\t\t\t\t\t\t\t\t<img fetchpriority=\"high\" decoding=\"async\" width=\"600\" height=\"800\" src=\"https:\/\/www.akkushalicilik.com\/wp-content\/uploads\/dinarsu-atlantik-futures.jpg\" class=\"attachment-2449 size-2449\" alt=\"Atlantik\" srcset=\"https:\/\/www.akkushalicilik.com\/wp-content\/uploads\/dinarsu-atlantik-futures.jpg 600w, https:\/\/www.akkushalicilik.com\/wp-content\/uploads\/dinarsu-atlantik-futures-225x300.jpg 225w\" sizes=\"(max-width: 600px) 100vw, 600px\" \/>\t\t\t\t\t\t\t<\/a>\n\n\t\t\t\t\t\t\t<!-- add to cart -->\n\t\t\t\t\t\t\t<div class=\"overlay-add-to-cart position-bottom\">\n\t\t\t\t\t\t\t\t<a data-pid=\"2449\" class=\"shopengine_add_to_list_action shopengine-wishlist badge se-btn inactive\" href=\"#\" ><i class=\"shopengine-icon-add_to_favourite_1\"><\/i><\/a><a title='Quick View' class='shopengine-quickview-trigger se-btn'\n\t\t\t\t\tdata-source-url='https:\/\/www.akkushalicilik.com\/?product=atlantik'\n\t\t\t\t\thref='https:\/\/www.akkushalicilik.com\/?product=atlantik'>\n\t\t\t\t\t<i class=\"shopengine-icon-quick_view_1\"><\/i>\n\t\t\t\t<\/a><a href=\"https:\/\/www.akkushalicilik.com\/?product=atlantik\" aria-describedby=\"woocommerce_loop_add_to_cart_link_describedby_2449\" data-quantity=\"1\" class=\"button product_type_simple\" data-product_id=\"2449\" data-product_sku=\"\" aria-label=\"&ldquo;Atlantik&rdquo; hakk\u0131nda daha fazla bilgi edinin\" rel=\"nofollow\" data-success_message=\"\">Devam\u0131n\u0131 oku<\/a><a data-payload='{\"pid\":2449}' class=\"shopengine_comparison_add_to_list_action shopengine-comparison badge se-btn inactive\"> <i class=\"shopengine-icon-product_compare_1\"><\/i> <\/a>\t<span id=\"woocommerce_loop_add_to_cart_link_describedby_2449\" class=\"screen-reader-text\">\n\t\t\t<\/span>\n\t\t\t\t\t\t\t<\/div>\n\t\t\t\t\t\t\t<!-- tag and sale badge -->\n\t\t\t\t\t\t\t\t\t\t\t\t\t\t<div class=\"product-tag-sale-badge position-top-right align-horizontal\">\n\t\t\t\t\t\t\t\t<ul>\n\t\t\t\t\t\t\t\t\t<!-- percentage -->\n\t\t\t\t\t\t\t\t\t\t\t\t\t\t\t\t\t\t<!-- custom tags -->\n\t\t\t\t\t\t\t\t\t \n\t\t\t\t\t\t\t\t\t <!-- on sale -->\n\t\t\t\t\t\t\t\t\t \n\t\t\t\t\t\t\t\t\t<!-- out of stock -->\n\t\t\t\t\t\t\t\t\t \n\t\t\t\t\t\t\t\t<\/ul>\n\t\t\t\t\t\t\t<\/div>\n\t\t\t\t\t\t<\/div>\n\n                    <!-- product category -->\n\t\t\t\t\t\t\t\t\t\t\t\t\t\t\t\t\t\t<div class='product-category'>\n\t\t\t\t\t\t\t\t\t<ul>\n\t\t\t\t\t\t\t\t\t\t\t\t\t\t\t\t\t\t\t\t\t<li>\n\t\t\t\t\t\t\t\t\t\t\t\t<a title=\"Product Category\" href=\"https:\/\/www.akkushalicilik.com\/?product_cat=dinarsu\">\n\t\t\t\t\t\t\t\t\t\t\t\t\tDinarsu\t\t\t\t\t\t\t\t\t\t\t\t<\/a>\n\t\t\t\t\t\t\t\t\t\t\t<\/li>\n\t\t\t\t\t\t\t\t\t                                <\/ul>\n                            <\/div>\n\t\t\t\t\t\t\n                    <!-- product title -->\n                    <h3 class='product-title'>\n                        <a title=\"View Product Full Details\" href=\"https:\/\/www.akkushalicilik.com\/?product=atlantik\">\n\t\t\t\t\t\t\tAtlantik                        <\/a>\n                    <\/h3>\n\n                    <!-- product rating -->\n                    <div class=\"product-rating\">\n\t\t\t\t\t\t<div class=\"star-rating\"><span style=\"width:0%\">5 \u00fczerinden <strong class=\"rating\">0<\/strong> oy ald\u0131<\/span><\/div><span class=\"rating-count\">(0)<\/span>                    <\/div>\n\n                    <!-- product price -->\n                    <div class=\"product-price\">\n\t\t\t\t\t\t<p class=\"price\"><\/p>\n                    <\/div>\n\t\t\t\t                    <\/div> <!-- end item -->\n\n\t\t\t\n\t\t\t\t\t<div class=\"shopengine-single-product-item\">\n\n\t\t\t\t\t\t<!-- product thumb -->\n\t\t\t\t\t\t<div class=\"product-thumb\">\n\n\t\t\t\t\t\t\t<!-- product thumb -->\n\t\t\t\t\t\t\t<a title=\"View Product Full Details\" href=\"https:\/\/www.akkushalicilik.com\/?product=ambiance\">\n\t\t\t\t\t\t\t\t<img decoding=\"async\" width=\"600\" height=\"800\" src=\"https:\/\/www.akkushalicilik.com\/wp-content\/uploads\/dinarsu-ambiance-futures.jpg\" class=\"attachment-2469 size-2469\" alt=\"Ambiance\" srcset=\"https:\/\/www.akkushalicilik.com\/wp-content\/uploads\/dinarsu-ambiance-futures.jpg 600w, https:\/\/www.akkushalicilik.com\/wp-content\/uploads\/dinarsu-ambiance-futures-225x300.jpg 225w\" sizes=\"(max-width: 600px) 100vw, 600px\" \/>\t\t\t\t\t\t\t<\/a>\n\n\t\t\t\t\t\t\t<!-- add to cart -->\n\t\t\t\t\t\t\t<div class=\"overlay-add-to-cart position-bottom\">\n\t\t\t\t\t\t\t\t<a data-pid=\"2469\" class=\"shopengine_add_to_list_action shopengine-wishlist badge se-btn inactive\" href=\"#\" ><i class=\"shopengine-icon-add_to_favourite_1\"><\/i><\/a><a title='Quick View' class='shopengine-quickview-trigger se-btn'\n\t\t\t\t\tdata-source-url='https:\/\/www.akkushalicilik.com\/?product=ambiance'\n\t\t\t\t\thref='https:\/\/www.akkushalicilik.com\/?product=ambiance'>\n\t\t\t\t\t<i class=\"shopengine-icon-quick_view_1\"><\/i>\n\t\t\t\t<\/a><a href=\"https:\/\/www.akkushalicilik.com\/?product=ambiance\" aria-describedby=\"woocommerce_loop_add_to_cart_link_describedby_2469\" data-quantity=\"1\" class=\"button product_type_simple\" data-product_id=\"2469\" data-product_sku=\"\" aria-label=\"&ldquo;Ambiance&rdquo; hakk\u0131nda daha fazla bilgi edinin\" rel=\"nofollow\" data-success_message=\"\">Devam\u0131n\u0131 oku<\/a><a data-payload='{\"pid\":2469}' class=\"shopengine_comparison_add_to_list_action shopengine-comparison badge se-btn inactive\"> <i class=\"shopengine-icon-product_compare_1\"><\/i> <\/a>\t<span id=\"woocommerce_loop_add_to_cart_link_describedby_2469\" class=\"screen-reader-text\">\n\t\t\t<\/span>\n\t\t\t\t\t\t\t<\/div>\n\t\t\t\t\t\t\t<!-- tag and sale badge -->\n\t\t\t\t\t\t\t\t\t\t\t\t\t\t<div class=\"product-tag-sale-badge position-top-right align-horizontal\">\n\t\t\t\t\t\t\t\t<ul>\n\t\t\t\t\t\t\t\t\t<!-- percentage -->\n\t\t\t\t\t\t\t\t\t\t\t\t\t\t\t\t\t\t<!-- custom tags -->\n\t\t\t\t\t\t\t\t\t \n\t\t\t\t\t\t\t\t\t <!-- on sale -->\n\t\t\t\t\t\t\t\t\t \n\t\t\t\t\t\t\t\t\t<!-- out of stock -->\n\t\t\t\t\t\t\t\t\t \n\t\t\t\t\t\t\t\t<\/ul>\n\t\t\t\t\t\t\t<\/div>\n\t\t\t\t\t\t<\/div>\n\n                    <!-- product category -->\n\t\t\t\t\t\t\t\t\t\t\t\t\t\t\t\t\t\t<div class='product-category'>\n\t\t\t\t\t\t\t\t\t<ul>\n\t\t\t\t\t\t\t\t\t\t\t\t\t\t\t\t\t\t\t\t\t<li>\n\t\t\t\t\t\t\t\t\t\t\t\t<a title=\"Product Category\" href=\"https:\/\/www.akkushalicilik.com\/?product_cat=dinarsu\">\n\t\t\t\t\t\t\t\t\t\t\t\t\tDinarsu\t\t\t\t\t\t\t\t\t\t\t\t<\/a>\n\t\t\t\t\t\t\t\t\t\t\t<\/li>\n\t\t\t\t\t\t\t\t\t                                <\/ul>\n                            <\/div>\n\t\t\t\t\t\t\n                    <!-- product title -->\n                    <h3 class='product-title'>\n                        <a title=\"View Product Full Details\" href=\"https:\/\/www.akkushalicilik.com\/?product=ambiance\">\n\t\t\t\t\t\t\tAmbiance                        <\/a>\n                    <\/h3>\n\n                    <!-- product rating -->\n                    <div class=\"product-rating\">\n\t\t\t\t\t\t<div class=\"star-rating\"><span style=\"width:0%\">5 \u00fczerinden <strong class=\"rating\">0<\/strong> oy ald\u0131<\/span><\/div><span class=\"rating-count\">(0)<\/span>                    <\/div>\n\n                    <!-- product price -->\n                    <div class=\"product-price\">\n\t\t\t\t\t\t<p class=\"price\"><\/p>\n                    <\/div>\n\t\t\t\t                    <\/div> <!-- end item -->\n\n\t\t\t\n        <\/div>\n\n\t\n<\/div>\n<\/div>\t\t\t\t<\/div>\n\t\t\t\t<\/div>\n\t\t\t\t\t<\/div>\n\t\t<\/div>\n\t\t\t\t\t<\/div>\n\t\t<\/section>\n\t\t\t\t<\/div>\n\t\t","protected":false},"excerpt":{"rendered":"<p>Dinarsu Duvardan Duvara Vebe Condor Dinarsu Susy Fuar Tip Hal\u0131 Paspas Cami Hal\u0131 Devam\u0131n\u0131 oku Dinarsu Atlantik 5 \u00fczerinden 0 oy ald\u0131(0) Devam\u0131n\u0131 oku Dinarsu Ambiance 5 \u00fczerinden 0 oy ald\u0131(0)<\/p>\n","protected":false},"author":5,"featured_media":0,"parent":0,"menu_order":0,"comment_status":"closed","ping_status":"closed","template":"elementor_header_footer","meta":{"_kad_post_transparent":"","_kad_post_title":"hide","_kad_post_layout":"fullwidth","_kad_post_sidebar_id":"","_kad_post_content_style":"unboxed","_kad_post_vertical_padding":"hide","_kad_post_feature":"hide","_kad_post_feature_position":"","_kad_post_header":false,"_kad_post_footer":false,"_kad_post_classname":"","footnotes":""},"class_list":["post-2777","page","type-page","status-publish","hentry"],"jetpack_sharing_enabled":true,"_links":{"self":[{"href":"https:\/\/www.akkushalicilik.com\/index.php?rest_route=\/wp\/v2\/pages\/2777","targetHints":{"allow":["GET"]}}],"collection":[{"href":"https:\/\/www.akkushalicilik.com\/index.php?rest_route=\/wp\/v2\/pages"}],"about":[{"href":"https:\/\/www.akkushalicilik.com\/index.php?rest_route=\/wp\/v2\/types\/page"}],"author":[{"embeddable":true,"href":"https:\/\/www.akkushalicilik.com\/index.php?rest_route=\/wp\/v2\/users\/5"}],"replies":[{"embeddable":true,"href":"https:\/\/www.akkushalicilik.com\/index.php?rest_route=%2Fwp%2Fv2%2Fcomments&post=2777"}],"version-history":[{"count":10,"href":"https:\/\/www.akkushalicilik.com\/index.php?rest_route=\/wp\/v2\/pages\/2777\/revisions"}],"predecessor-version":[{"id":3012,"href":"https:\/\/www.akkushalicilik.com\/index.php?rest_route=\/wp\/v2\/pages\/2777\/revisions\/3012"}],"wp:attachment":[{"href":"https:\/\/www.akkushalicilik.com\/index.php?rest_route=%2Fwp%2Fv2%2Fmedia&parent=2777"}],"curies":[{"name":"wp","href":"https:\/\/api.w.org\/{rel}","templated":true}]}}