{"id":2810,"date":"2022-03-22T13:10:37","date_gmt":"2022-03-22T10:10:37","guid":{"rendered":"https:\/\/www.akkushalicilik.com\/?page_id=2810"},"modified":"2023-01-31T14:24:10","modified_gmt":"2023-01-31T11:24:10","slug":"cami","status":"publish","type":"page","link":"https:\/\/www.akkushalicilik.com\/?page_id=2810","title":{"rendered":"Cami"},"content":{"rendered":"\t\t<div data-elementor-type=\"wp-page\" data-elementor-id=\"2810\" class=\"elementor elementor-2810\">\n\t\t\t\t\t\t<section class=\"elementor-section elementor-top-section elementor-element elementor-element-7eb8a0e7 elementor-section-height-min-height elementor-section-boxed elementor-section-height-default elementor-section-items-middle\" data-id=\"7eb8a0e7\" data-element_type=\"section\" data-e-type=\"section\" data-settings=\"{&quot;background_background&quot;:&quot;classic&quot;}\">\n\t\t\t\t\t\t\t<div class=\"elementor-background-overlay\"><\/div>\n\t\t\t\t\t\t\t<div class=\"elementor-container elementor-column-gap-default\">\n\t\t\t\t\t<div class=\"elementor-column elementor-col-100 elementor-top-column elementor-element elementor-element-3e01d7f1\" data-id=\"3e01d7f1\" data-element_type=\"column\" data-e-type=\"column\">\n\t\t\t<div class=\"elementor-widget-wrap elementor-element-populated\">\n\t\t\t\t\t\t<div class=\"elementor-element elementor-element-29db1fe9 elementor-widget elementor-widget-heading\" data-id=\"29db1fe9\" data-element_type=\"widget\" data-e-type=\"widget\" data-widget_type=\"heading.default\">\n\t\t\t\t<div class=\"elementor-widget-container\">\n\t\t\t\t\t<h2 class=\"elementor-heading-title elementor-size-xl\">Cami Hal\u0131lar\u0131<\/h2>\t\t\t\t<\/div>\n\t\t\t\t<\/div>\n\t\t\t\t\t<\/div>\n\t\t<\/div>\n\t\t\t\t\t<\/div>\n\t\t<\/section>\n\t\t\t\t<section class=\"elementor-section elementor-top-section elementor-element elementor-element-1ca2a9ef elementor-section-boxed elementor-section-height-default elementor-section-height-default\" data-id=\"1ca2a9ef\" data-element_type=\"section\" data-e-type=\"section\">\n\t\t\t\t\t\t<div class=\"elementor-container elementor-column-gap-default\">\n\t\t\t\t\t<div class=\"elementor-column elementor-col-50 elementor-top-column elementor-element elementor-element-75e6bfb\" data-id=\"75e6bfb\" data-element_type=\"column\" data-e-type=\"column\">\n\t\t\t<div class=\"elementor-widget-wrap elementor-element-populated\">\n\t\t\t\t\t\t<div class=\"elementor-element elementor-element-72397cc0 elementor-align-left elementor-widget elementor-widget-shopengine-product-category-lists\" data-id=\"72397cc0\" data-element_type=\"widget\" data-e-type=\"widget\" data-settings=\"{&quot;_animation&quot;:&quot;none&quot;}\" data-widget_type=\"shopengine-product-category-lists.default\">\n\t\t\t\t<div class=\"elementor-widget-container\">\n\t\t\t\t\t<div class=\"shopengine shopengine-widget\">\n<div class=\"shopengine-product-category-lists\">\n\n    \n        <div class=\"shopengine-category-lists-grid\">\n\n                            \n                        <div class=\"single-cat-list-item\" >\n                            <div class=\"product-category-wrap\">\n                                <div class=\"single-product-category\">\n                                    <a title=\"Vebe\" href=\"https:\/\/www.akkushalicilik.com\/?product_cat=vebe\">\n                                        <h3 class=\"product-category-title\">\n                                            Vebe                                        <\/h3>\n\n                                                                            <\/a>\n                                    <!-- dot shap -->\n                                <\/div>\n                            <\/div>\n                        <\/div>\n                    \n                        <div class=\"single-cat-list-item\" >\n                            <div class=\"product-category-wrap\">\n                                <div class=\"single-product-category\">\n                                    <a title=\"Condor\" href=\"https:\/\/www.akkushalicilik.com\/?product_cat=condor\">\n                                        <h3 class=\"product-category-title\">\n                                            Condor                                        <\/h3>\n\n                                                                            <\/a>\n                                    <!-- dot shap -->\n                                <\/div>\n                            <\/div>\n                        <\/div>\n                    \n                        <div class=\"single-cat-list-item\" >\n                            <div class=\"product-category-wrap\">\n                                <div class=\"single-product-category\">\n                                    <a title=\"Dinarsu\" href=\"https:\/\/www.akkushalicilik.com\/?product_cat=dinarsu\">\n                                        <h3 class=\"product-category-title\">\n                                            Dinarsu                                        <\/h3>\n\n                                                                            <\/a>\n                                    <!-- dot shap -->\n                                <\/div>\n                            <\/div>\n                        <\/div>\n                    \n                        <div class=\"single-cat-list-item\" >\n                            <div class=\"product-category-wrap\">\n                                <div class=\"single-product-category\">\n                                    <a title=\"Susy\" href=\"https:\/\/www.akkushalicilik.com\/?product_cat=susy\">\n                                        <h3 class=\"product-category-title\">\n                                            Susy                                        <\/h3>\n\n                                                                            <\/a>\n                                    <!-- dot shap -->\n                                <\/div>\n                            <\/div>\n                        <\/div>\n                    \n                        <div class=\"single-cat-list-item\" >\n                            <div class=\"product-category-wrap\">\n                                <div class=\"single-product-category\">\n                                    <a title=\"Fuar Tip Hal\u0131\" href=\"https:\/\/www.akkushalicilik.com\/?product_cat=fuar\">\n                                        <h3 class=\"product-category-title\">\n                                            Fuar Tip Hal\u0131                                        <\/h3>\n\n                                                                            <\/a>\n                                    <!-- dot shap -->\n                                <\/div>\n                            <\/div>\n                        <\/div>\n                    \n                        <div class=\"single-cat-list-item\" >\n                            <div class=\"product-category-wrap\">\n                                <div class=\"single-product-category\">\n                                    <a title=\"Paspas\" href=\"https:\/\/www.akkushalicilik.com\/?product_cat=paspas\">\n                                        <h3 class=\"product-category-title\">\n                                            Paspas                                        <\/h3>\n\n                                                                            <\/a>\n                                    <!-- dot shap -->\n                                <\/div>\n                            <\/div>\n                        <\/div>\n                    \n                        <div class=\"single-cat-list-item\" >\n                            <div class=\"product-category-wrap\">\n                                <div class=\"single-product-category\">\n                                    <a title=\"Cami Hal\u0131\" href=\"https:\/\/www.akkushalicilik.com\/?product_cat=cami\">\n                                        <h3 class=\"product-category-title\">\n                                            Cami Hal\u0131                                        <\/h3>\n\n                                                                            <\/a>\n                                    <!-- dot shap -->\n                                <\/div>\n                            <\/div>\n                        <\/div>\n                                        <\/div>\n    \n<\/div><\/div>\t\t\t\t<\/div>\n\t\t\t\t<\/div>\n\t\t\t\t\t<\/div>\n\t\t<\/div>\n\t\t\t\t<div class=\"elementor-column elementor-col-50 elementor-top-column elementor-element elementor-element-7f655af4\" data-id=\"7f655af4\" data-element_type=\"column\" data-e-type=\"column\" data-settings=\"{&quot;background_background&quot;:&quot;classic&quot;}\">\n\t\t\t<div class=\"elementor-widget-wrap elementor-element-populated\">\n\t\t\t\t\t\t<div class=\"elementor-element elementor-element-46a744b6 elementor-widget elementor-widget-shopengine-product-list\" data-id=\"46a744b6\" data-element_type=\"widget\" data-e-type=\"widget\" data-widget_type=\"shopengine-product-list.default\">\n\t\t\t\t<div class=\"elementor-widget-container\">\n\t\t\t\t\t<div class=\"shopengine shopengine-widget\">\n<div class=\"shopengine-product-list\">\n\n\t\n        <div class=\"product-list-grid\">\n\n\t\t\t\n\t\t\t\t\t<div class=\"shopengine-single-product-item\">\n\n\t\t\t\t\t\t<!-- product thumb -->\n\t\t\t\t\t\t<div class=\"product-thumb\">\n\n\t\t\t\t\t\t\t<!-- product thumb -->\n\t\t\t\t\t\t\t<a title=\"View Product Full Details\" href=\"https:\/\/www.akkushalicilik.com\/?product=mavi-9\">\n\t\t\t\t\t\t\t\t<img fetchpriority=\"high\" decoding=\"async\" width=\"411\" height=\"411\" src=\"https:\/\/www.akkushalicilik.com\/wp-content\/uploads\/cami-mavi-8.jpg\" class=\"attachment-2861 size-2861\" alt=\"Mavi 8\" srcset=\"https:\/\/www.akkushalicilik.com\/wp-content\/uploads\/cami-mavi-8.jpg 411w, https:\/\/www.akkushalicilik.com\/wp-content\/uploads\/cami-mavi-8-100x100.jpg 100w, https:\/\/www.akkushalicilik.com\/wp-content\/uploads\/cami-mavi-8-300x300.jpg 300w, https:\/\/www.akkushalicilik.com\/wp-content\/uploads\/cami-mavi-8-150x150.jpg 150w\" sizes=\"(max-width: 411px) 100vw, 411px\" \/>\t\t\t\t\t\t\t<\/a>\n\n\t\t\t\t\t\t\t<!-- add to cart -->\n\t\t\t\t\t\t\t<div class=\"overlay-add-to-cart position-bottom\">\n\t\t\t\t\t\t\t\t<a data-pid=\"2861\" class=\"shopengine_add_to_list_action shopengine-wishlist badge se-btn inactive\" href=\"#\" ><i class=\"shopengine-icon-add_to_favourite_1\"><\/i><\/a><a title='Quick View' class='shopengine-quickview-trigger se-btn'\n\t\t\t\t\tdata-source-url='https:\/\/www.akkushalicilik.com\/?product=mavi-9'\n\t\t\t\t\thref='https:\/\/www.akkushalicilik.com\/?product=mavi-9'>\n\t\t\t\t\t<i class=\"shopengine-icon-quick_view_1\"><\/i>\n\t\t\t\t<\/a><a href=\"https:\/\/www.akkushalicilik.com\/?product=mavi-9\" aria-describedby=\"woocommerce_loop_add_to_cart_link_describedby_2861\" data-quantity=\"1\" class=\"button product_type_simple\" data-product_id=\"2861\" data-product_sku=\"\" aria-label=\"&ldquo;Mavi 8&rdquo; hakk\u0131nda daha fazla bilgi edinin\" rel=\"nofollow\" data-success_message=\"\">Devam\u0131n\u0131 oku<\/a><a data-payload='{\"pid\":2861}' class=\"shopengine_comparison_add_to_list_action shopengine-comparison badge se-btn inactive\"> <i class=\"shopengine-icon-product_compare_1\"><\/i> <\/a>\t<span id=\"woocommerce_loop_add_to_cart_link_describedby_2861\" class=\"screen-reader-text\">\n\t\t\t<\/span>\n\t\t\t\t\t\t\t<\/div>\n\t\t\t\t\t\t\t<!-- tag and sale badge -->\n\t\t\t\t\t\t\t\t\t\t\t\t\t\t<div class=\"product-tag-sale-badge position-top-right align-horizontal\">\n\t\t\t\t\t\t\t\t<ul>\n\t\t\t\t\t\t\t\t\t<!-- percentage -->\n\t\t\t\t\t\t\t\t\t\t\t\t\t\t\t\t\t\t<!-- custom tags -->\n\t\t\t\t\t\t\t\t\t \n\t\t\t\t\t\t\t\t\t <!-- on sale -->\n\t\t\t\t\t\t\t\t\t \n\t\t\t\t\t\t\t\t\t<!-- out of stock -->\n\t\t\t\t\t\t\t\t\t \n\t\t\t\t\t\t\t\t<\/ul>\n\t\t\t\t\t\t\t<\/div>\n\t\t\t\t\t\t<\/div>\n\n                    <!-- product category -->\n\t\t\t\t\t\t\t\t\t\t\t\t\t\t\t\t\t\t<div class='product-category'>\n\t\t\t\t\t\t\t\t\t<ul>\n\t\t\t\t\t\t\t\t\t\t\t\t\t\t\t\t\t\t\t\t\t<li>\n\t\t\t\t\t\t\t\t\t\t\t\t<a title=\"Product Category\" href=\"https:\/\/www.akkushalicilik.com\/?product_cat=cami\">\n\t\t\t\t\t\t\t\t\t\t\t\t\tCami Hal\u0131\t\t\t\t\t\t\t\t\t\t\t\t<\/a>\n\t\t\t\t\t\t\t\t\t\t\t<\/li>\n\t\t\t\t\t\t\t\t\t                                <\/ul>\n                            <\/div>\n\t\t\t\t\t\t\n                    <!-- product title -->\n                    <h3 class='product-title'>\n                        <a title=\"View Product Full Details\" href=\"https:\/\/www.akkushalicilik.com\/?product=mavi-9\">\n\t\t\t\t\t\t\tMavi 8                        <\/a>\n                    <\/h3>\n\n                    <!-- product rating -->\n                    <div class=\"product-rating\">\n\t\t\t\t\t\t<div class=\"star-rating\"><span style=\"width:0%\">5 \u00fczerinden <strong class=\"rating\">0<\/strong> oy ald\u0131<\/span><\/div><span class=\"rating-count\">(0)<\/span>                    <\/div>\n\n                    <!-- product price -->\n                    <div class=\"product-price\">\n\t\t\t\t\t\t<p class=\"price\"><\/p>\n                    <\/div>\n\t\t\t\t                    <\/div> <!-- end item -->\n\n\t\t\t\n\t\t\t\t\t<div class=\"shopengine-single-product-item\">\n\n\t\t\t\t\t\t<!-- product thumb -->\n\t\t\t\t\t\t<div class=\"product-thumb\">\n\n\t\t\t\t\t\t\t<!-- product thumb -->\n\t\t\t\t\t\t\t<a title=\"View Product Full Details\" href=\"https:\/\/www.akkushalicilik.com\/?product=bordo-13\">\n\t\t\t\t\t\t\t\t<img decoding=\"async\" width=\"411\" height=\"411\" src=\"https:\/\/www.akkushalicilik.com\/wp-content\/uploads\/cami-bordo_13.jpg\" class=\"attachment-2873 size-2873\" alt=\"Bordo 13\" srcset=\"https:\/\/www.akkushalicilik.com\/wp-content\/uploads\/cami-bordo_13.jpg 411w, https:\/\/www.akkushalicilik.com\/wp-content\/uploads\/cami-bordo_13-100x100.jpg 100w, https:\/\/www.akkushalicilik.com\/wp-content\/uploads\/cami-bordo_13-300x300.jpg 300w, https:\/\/www.akkushalicilik.com\/wp-content\/uploads\/cami-bordo_13-150x150.jpg 150w\" sizes=\"(max-width: 411px) 100vw, 411px\" \/>\t\t\t\t\t\t\t<\/a>\n\n\t\t\t\t\t\t\t<!-- add to cart -->\n\t\t\t\t\t\t\t<div class=\"overlay-add-to-cart position-bottom\">\n\t\t\t\t\t\t\t\t<a data-pid=\"2873\" class=\"shopengine_add_to_list_action shopengine-wishlist badge se-btn inactive\" href=\"#\" ><i class=\"shopengine-icon-add_to_favourite_1\"><\/i><\/a><a title='Quick View' class='shopengine-quickview-trigger se-btn'\n\t\t\t\t\tdata-source-url='https:\/\/www.akkushalicilik.com\/?product=bordo-13'\n\t\t\t\t\thref='https:\/\/www.akkushalicilik.com\/?product=bordo-13'>\n\t\t\t\t\t<i class=\"shopengine-icon-quick_view_1\"><\/i>\n\t\t\t\t<\/a><a href=\"https:\/\/www.akkushalicilik.com\/?product=bordo-13\" aria-describedby=\"woocommerce_loop_add_to_cart_link_describedby_2873\" data-quantity=\"1\" class=\"button product_type_simple\" data-product_id=\"2873\" data-product_sku=\"\" aria-label=\"&ldquo;Bordo 13&rdquo; hakk\u0131nda daha fazla bilgi edinin\" rel=\"nofollow\" data-success_message=\"\">Devam\u0131n\u0131 oku<\/a><a data-payload='{\"pid\":2873}' class=\"shopengine_comparison_add_to_list_action shopengine-comparison badge se-btn inactive\"> <i class=\"shopengine-icon-product_compare_1\"><\/i> <\/a>\t<span id=\"woocommerce_loop_add_to_cart_link_describedby_2873\" class=\"screen-reader-text\">\n\t\t\t<\/span>\n\t\t\t\t\t\t\t<\/div>\n\t\t\t\t\t\t\t<!-- tag and sale badge -->\n\t\t\t\t\t\t\t\t\t\t\t\t\t\t<div class=\"product-tag-sale-badge position-top-right align-horizontal\">\n\t\t\t\t\t\t\t\t<ul>\n\t\t\t\t\t\t\t\t\t<!-- percentage -->\n\t\t\t\t\t\t\t\t\t\t\t\t\t\t\t\t\t\t<!-- custom tags -->\n\t\t\t\t\t\t\t\t\t \n\t\t\t\t\t\t\t\t\t <!-- on sale -->\n\t\t\t\t\t\t\t\t\t \n\t\t\t\t\t\t\t\t\t<!-- out of stock -->\n\t\t\t\t\t\t\t\t\t \n\t\t\t\t\t\t\t\t<\/ul>\n\t\t\t\t\t\t\t<\/div>\n\t\t\t\t\t\t<\/div>\n\n                    <!-- product category -->\n\t\t\t\t\t\t\t\t\t\t\t\t\t\t\t\t\t\t<div class='product-category'>\n\t\t\t\t\t\t\t\t\t<ul>\n\t\t\t\t\t\t\t\t\t\t\t\t\t\t\t\t\t\t\t\t\t<li>\n\t\t\t\t\t\t\t\t\t\t\t\t<a title=\"Product Category\" href=\"https:\/\/www.akkushalicilik.com\/?product_cat=cami\">\n\t\t\t\t\t\t\t\t\t\t\t\t\tCami Hal\u0131\t\t\t\t\t\t\t\t\t\t\t\t<\/a>\n\t\t\t\t\t\t\t\t\t\t\t<\/li>\n\t\t\t\t\t\t\t\t\t                                <\/ul>\n                            <\/div>\n\t\t\t\t\t\t\n                    <!-- product title -->\n                    <h3 class='product-title'>\n                        <a title=\"View Product Full Details\" href=\"https:\/\/www.akkushalicilik.com\/?product=bordo-13\">\n\t\t\t\t\t\t\tBordo 13                        <\/a>\n                    <\/h3>\n\n                    <!-- product rating -->\n                    <div class=\"product-rating\">\n\t\t\t\t\t\t<div class=\"star-rating\"><span style=\"width:0%\">5 \u00fczerinden <strong class=\"rating\">0<\/strong> oy ald\u0131<\/span><\/div><span class=\"rating-count\">(0)<\/span>                    <\/div>\n\n                    <!-- product price -->\n                    <div class=\"product-price\">\n\t\t\t\t\t\t<p class=\"price\"><\/p>\n                    <\/div>\n\t\t\t\t                    <\/div> <!-- end item -->\n\n\t\t\t\n\t\t\t\t\t<div class=\"shopengine-single-product-item\">\n\n\t\t\t\t\t\t<!-- product thumb -->\n\t\t\t\t\t\t<div class=\"product-thumb\">\n\n\t\t\t\t\t\t\t<!-- product thumb -->\n\t\t\t\t\t\t\t<a title=\"View Product Full Details\" href=\"https:\/\/www.akkushalicilik.com\/?product=yesil-5\">\n\t\t\t\t\t\t\t\t<img decoding=\"async\" width=\"411\" height=\"411\" src=\"https:\/\/www.akkushalicilik.com\/wp-content\/uploads\/cami-yesil-5.jpg\" class=\"attachment-2878 size-2878\" alt=\"Ye\u015fil 5\" srcset=\"https:\/\/www.akkushalicilik.com\/wp-content\/uploads\/cami-yesil-5.jpg 411w, https:\/\/www.akkushalicilik.com\/wp-content\/uploads\/cami-yesil-5-100x100.jpg 100w, https:\/\/www.akkushalicilik.com\/wp-content\/uploads\/cami-yesil-5-300x300.jpg 300w, https:\/\/www.akkushalicilik.com\/wp-content\/uploads\/cami-yesil-5-150x150.jpg 150w\" sizes=\"(max-width: 411px) 100vw, 411px\" \/>\t\t\t\t\t\t\t<\/a>\n\n\t\t\t\t\t\t\t<!-- add to cart -->\n\t\t\t\t\t\t\t<div class=\"overlay-add-to-cart position-bottom\">\n\t\t\t\t\t\t\t\t<a data-pid=\"2878\" class=\"shopengine_add_to_list_action shopengine-wishlist badge se-btn inactive\" href=\"#\" ><i class=\"shopengine-icon-add_to_favourite_1\"><\/i><\/a><a title='Quick View' class='shopengine-quickview-trigger se-btn'\n\t\t\t\t\tdata-source-url='https:\/\/www.akkushalicilik.com\/?product=yesil-5'\n\t\t\t\t\thref='https:\/\/www.akkushalicilik.com\/?product=yesil-5'>\n\t\t\t\t\t<i class=\"shopengine-icon-quick_view_1\"><\/i>\n\t\t\t\t<\/a><a href=\"https:\/\/www.akkushalicilik.com\/?product=yesil-5\" aria-describedby=\"woocommerce_loop_add_to_cart_link_describedby_2878\" data-quantity=\"1\" class=\"button product_type_simple\" data-product_id=\"2878\" data-product_sku=\"\" aria-label=\"&ldquo;Ye\u015fil 5&rdquo; hakk\u0131nda daha fazla bilgi edinin\" rel=\"nofollow\" data-success_message=\"\">Devam\u0131n\u0131 oku<\/a><a data-payload='{\"pid\":2878}' class=\"shopengine_comparison_add_to_list_action shopengine-comparison badge se-btn inactive\"> <i class=\"shopengine-icon-product_compare_1\"><\/i> <\/a>\t<span id=\"woocommerce_loop_add_to_cart_link_describedby_2878\" class=\"screen-reader-text\">\n\t\t\t<\/span>\n\t\t\t\t\t\t\t<\/div>\n\t\t\t\t\t\t\t<!-- tag and sale badge -->\n\t\t\t\t\t\t\t\t\t\t\t\t\t\t<div class=\"product-tag-sale-badge position-top-right align-horizontal\">\n\t\t\t\t\t\t\t\t<ul>\n\t\t\t\t\t\t\t\t\t<!-- percentage -->\n\t\t\t\t\t\t\t\t\t\t\t\t\t\t\t\t\t\t<!-- custom tags -->\n\t\t\t\t\t\t\t\t\t \n\t\t\t\t\t\t\t\t\t <!-- on sale -->\n\t\t\t\t\t\t\t\t\t \n\t\t\t\t\t\t\t\t\t<!-- out of stock -->\n\t\t\t\t\t\t\t\t\t \n\t\t\t\t\t\t\t\t<\/ul>\n\t\t\t\t\t\t\t<\/div>\n\t\t\t\t\t\t<\/div>\n\n                    <!-- product category -->\n\t\t\t\t\t\t\t\t\t\t\t\t\t\t\t\t\t\t<div class='product-category'>\n\t\t\t\t\t\t\t\t\t<ul>\n\t\t\t\t\t\t\t\t\t\t\t\t\t\t\t\t\t\t\t\t\t<li>\n\t\t\t\t\t\t\t\t\t\t\t\t<a title=\"Product Category\" href=\"https:\/\/www.akkushalicilik.com\/?product_cat=cami\">\n\t\t\t\t\t\t\t\t\t\t\t\t\tCami Hal\u0131\t\t\t\t\t\t\t\t\t\t\t\t<\/a>\n\t\t\t\t\t\t\t\t\t\t\t<\/li>\n\t\t\t\t\t\t\t\t\t                                <\/ul>\n                            <\/div>\n\t\t\t\t\t\t\n                    <!-- product title -->\n                    <h3 class='product-title'>\n                        <a title=\"View Product Full Details\" href=\"https:\/\/www.akkushalicilik.com\/?product=yesil-5\">\n\t\t\t\t\t\t\tYe\u015fil 5                        <\/a>\n                    <\/h3>\n\n                    <!-- product rating -->\n                    <div class=\"product-rating\">\n\t\t\t\t\t\t<div class=\"star-rating\"><span style=\"width:0%\">5 \u00fczerinden <strong class=\"rating\">0<\/strong> oy ald\u0131<\/span><\/div><span class=\"rating-count\">(0)<\/span>                    <\/div>\n\n                    <!-- product price -->\n                    <div class=\"product-price\">\n\t\t\t\t\t\t<p class=\"price\"><\/p>\n                    <\/div>\n\t\t\t\t                    <\/div> <!-- end item -->\n\n\t\t\t\n\t\t\t\t\t<div class=\"shopengine-single-product-item\">\n\n\t\t\t\t\t\t<!-- product thumb -->\n\t\t\t\t\t\t<div class=\"product-thumb\">\n\n\t\t\t\t\t\t\t<!-- product thumb -->\n\t\t\t\t\t\t\t<a title=\"View Product Full Details\" href=\"https:\/\/www.akkushalicilik.com\/?product=kahverengi-11\">\n\t\t\t\t\t\t\t\t<img loading=\"lazy\" decoding=\"async\" width=\"411\" height=\"411\" src=\"https:\/\/www.akkushalicilik.com\/wp-content\/uploads\/cami-kahve-11.jpg\" class=\"attachment-2880 size-2880\" alt=\"Kahverengi 11\" srcset=\"https:\/\/www.akkushalicilik.com\/wp-content\/uploads\/cami-kahve-11.jpg 411w, https:\/\/www.akkushalicilik.com\/wp-content\/uploads\/cami-kahve-11-100x100.jpg 100w, https:\/\/www.akkushalicilik.com\/wp-content\/uploads\/cami-kahve-11-300x300.jpg 300w, https:\/\/www.akkushalicilik.com\/wp-content\/uploads\/cami-kahve-11-150x150.jpg 150w\" sizes=\"(max-width: 411px) 100vw, 411px\" \/>\t\t\t\t\t\t\t<\/a>\n\n\t\t\t\t\t\t\t<!-- add to cart -->\n\t\t\t\t\t\t\t<div class=\"overlay-add-to-cart position-bottom\">\n\t\t\t\t\t\t\t\t<a data-pid=\"2880\" class=\"shopengine_add_to_list_action shopengine-wishlist badge se-btn inactive\" href=\"#\" ><i class=\"shopengine-icon-add_to_favourite_1\"><\/i><\/a><a title='Quick View' class='shopengine-quickview-trigger se-btn'\n\t\t\t\t\tdata-source-url='https:\/\/www.akkushalicilik.com\/?product=kahverengi-11'\n\t\t\t\t\thref='https:\/\/www.akkushalicilik.com\/?product=kahverengi-11'>\n\t\t\t\t\t<i class=\"shopengine-icon-quick_view_1\"><\/i>\n\t\t\t\t<\/a><a href=\"https:\/\/www.akkushalicilik.com\/?product=kahverengi-11\" aria-describedby=\"woocommerce_loop_add_to_cart_link_describedby_2880\" data-quantity=\"1\" class=\"button product_type_simple\" data-product_id=\"2880\" data-product_sku=\"\" aria-label=\"&ldquo;Kahverengi 11&rdquo; hakk\u0131nda daha fazla bilgi edinin\" rel=\"nofollow\" data-success_message=\"\">Devam\u0131n\u0131 oku<\/a><a data-payload='{\"pid\":2880}' class=\"shopengine_comparison_add_to_list_action shopengine-comparison badge se-btn inactive\"> <i class=\"shopengine-icon-product_compare_1\"><\/i> <\/a>\t<span id=\"woocommerce_loop_add_to_cart_link_describedby_2880\" class=\"screen-reader-text\">\n\t\t\t<\/span>\n\t\t\t\t\t\t\t<\/div>\n\t\t\t\t\t\t\t<!-- tag and sale badge -->\n\t\t\t\t\t\t\t\t\t\t\t\t\t\t<div class=\"product-tag-sale-badge position-top-right align-horizontal\">\n\t\t\t\t\t\t\t\t<ul>\n\t\t\t\t\t\t\t\t\t<!-- percentage -->\n\t\t\t\t\t\t\t\t\t\t\t\t\t\t\t\t\t\t<!-- custom tags -->\n\t\t\t\t\t\t\t\t\t \n\t\t\t\t\t\t\t\t\t <!-- on sale -->\n\t\t\t\t\t\t\t\t\t \n\t\t\t\t\t\t\t\t\t<!-- out of stock -->\n\t\t\t\t\t\t\t\t\t \n\t\t\t\t\t\t\t\t<\/ul>\n\t\t\t\t\t\t\t<\/div>\n\t\t\t\t\t\t<\/div>\n\n                    <!-- product category -->\n\t\t\t\t\t\t\t\t\t\t\t\t\t\t\t\t\t\t<div class='product-category'>\n\t\t\t\t\t\t\t\t\t<ul>\n\t\t\t\t\t\t\t\t\t\t\t\t\t\t\t\t\t\t\t\t\t<li>\n\t\t\t\t\t\t\t\t\t\t\t\t<a title=\"Product Category\" href=\"https:\/\/www.akkushalicilik.com\/?product_cat=cami\">\n\t\t\t\t\t\t\t\t\t\t\t\t\tCami Hal\u0131\t\t\t\t\t\t\t\t\t\t\t\t<\/a>\n\t\t\t\t\t\t\t\t\t\t\t<\/li>\n\t\t\t\t\t\t\t\t\t                                <\/ul>\n                            <\/div>\n\t\t\t\t\t\t\n                    <!-- product title -->\n                    <h3 class='product-title'>\n                        <a title=\"View Product Full Details\" href=\"https:\/\/www.akkushalicilik.com\/?product=kahverengi-11\">\n\t\t\t\t\t\t\tKahverengi 11                        <\/a>\n                    <\/h3>\n\n                    <!-- product rating -->\n                    <div class=\"product-rating\">\n\t\t\t\t\t\t<div class=\"star-rating\"><span style=\"width:0%\">5 \u00fczerinden <strong class=\"rating\">0<\/strong> oy ald\u0131<\/span><\/div><span class=\"rating-count\">(0)<\/span>                    <\/div>\n\n                    <!-- product price -->\n                    <div class=\"product-price\">\n\t\t\t\t\t\t<p class=\"price\"><\/p>\n                    <\/div>\n\t\t\t\t                    <\/div> <!-- end item -->\n\n\t\t\t\n        <\/div>\n\n\t\n<\/div>\n<\/div>\t\t\t\t<\/div>\n\t\t\t\t<\/div>\n\t\t\t\t\t<\/div>\n\t\t<\/div>\n\t\t\t\t\t<\/div>\n\t\t<\/section>\n\t\t\t\t<\/div>\n\t\t","protected":false},"excerpt":{"rendered":"<p>Cami Hal\u0131lar\u0131 Vebe Condor Dinarsu Susy Fuar Tip Hal\u0131 Paspas Cami Hal\u0131 Devam\u0131n\u0131 oku Cami Hal\u0131 Mavi 8 5 \u00fczerinden 0 oy ald\u0131(0) Devam\u0131n\u0131 oku Cami Hal\u0131 Bordo 13 5 \u00fczerinden 0 oy ald\u0131(0) Devam\u0131n\u0131 oku Cami Hal\u0131 Ye\u015fil 5 5 \u00fczerinden 0 oy ald\u0131(0) Devam\u0131n\u0131 oku Cami Hal\u0131 Kahverengi 11 5 \u00fczerinden 0 oy&#8230;<\/p>\n","protected":false},"author":5,"featured_media":0,"parent":0,"menu_order":0,"comment_status":"closed","ping_status":"closed","template":"elementor_header_footer","meta":{"_kad_post_transparent":"","_kad_post_title":"hide","_kad_post_layout":"fullwidth","_kad_post_sidebar_id":"","_kad_post_content_style":"unboxed","_kad_post_vertical_padding":"hide","_kad_post_feature":"hide","_kad_post_feature_position":"","_kad_post_header":false,"_kad_post_footer":false,"_kad_post_classname":"","footnotes":""},"class_list":["post-2810","page","type-page","status-publish","hentry"],"jetpack_sharing_enabled":true,"_links":{"self":[{"href":"https:\/\/www.akkushalicilik.com\/index.php?rest_route=\/wp\/v2\/pages\/2810","targetHints":{"allow":["GET"]}}],"collection":[{"href":"https:\/\/www.akkushalicilik.com\/index.php?rest_route=\/wp\/v2\/pages"}],"about":[{"href":"https:\/\/www.akkushalicilik.com\/index.php?rest_route=\/wp\/v2\/types\/page"}],"author":[{"embeddable":true,"href":"https:\/\/www.akkushalicilik.com\/index.php?rest_route=\/wp\/v2\/users\/5"}],"replies":[{"embeddable":true,"href":"https:\/\/www.akkushalicilik.com\/index.php?rest_route=%2Fwp%2Fv2%2Fcomments&post=2810"}],"version-history":[{"count":17,"href":"https:\/\/www.akkushalicilik.com\/index.php?rest_route=\/wp\/v2\/pages\/2810\/revisions"}],"predecessor-version":[{"id":3100,"href":"https:\/\/www.akkushalicilik.com\/index.php?rest_route=\/wp\/v2\/pages\/2810\/revisions\/3100"}],"wp:attachment":[{"href":"https:\/\/www.akkushalicilik.com\/index.php?rest_route=%2Fwp%2Fv2%2Fmedia&parent=2810"}],"curies":[{"name":"wp","href":"https:\/\/api.w.org\/{rel}","templated":true}]}}