{"id":1650,"date":"2022-03-09T16:59:07","date_gmt":"2022-03-09T13:59:07","guid":{"rendered":"https:\/\/www.akkushalicilik.com\/?post_type=product&#038;p=1650"},"modified":"2022-03-09T17:07:12","modified_gmt":"2022-03-09T14:07:12","slug":"andes","status":"publish","type":"product","link":"https:\/\/www.akkushalicilik.com\/?product=andes","title":{"rendered":"Andes"},"content":{"rendered":"\t\t<div data-elementor-type=\"wp-post\" data-elementor-id=\"1650\" class=\"elementor elementor-1650\">\n\t\t\t\t\t\t<section class=\"elementor-section elementor-top-section elementor-element elementor-element-371f9e2 elementor-section-boxed elementor-section-height-default elementor-section-height-default\" data-id=\"371f9e2\" data-element_type=\"section\" data-e-type=\"section\">\n\t\t\t\t\t\t<div class=\"elementor-container elementor-column-gap-default\">\n\t\t\t\t\t<div class=\"elementor-column elementor-col-100 elementor-top-column elementor-element elementor-element-171e9606\" data-id=\"171e9606\" data-element_type=\"column\" data-e-type=\"column\">\n\t\t\t<div class=\"elementor-widget-wrap elementor-element-populated\">\n\t\t\t\t\t\t<div class=\"elementor-element elementor-element-40c039e0 elementor-widget elementor-widget-text-editor\" data-id=\"40c039e0\" data-element_type=\"widget\" data-e-type=\"widget\" data-widget_type=\"text-editor.default\">\n\t\t\t\t<div class=\"elementor-widget-container\">\n\t\t\t\t\t\t\t\t\t<p>Hav Malzemesi \/ %50 PP %50 PES<br \/>Toplam A\u011f\u0131rl\u0131k \/ 1.530 g\/m\u00b2<br \/>Taban \/ PD<br \/>Paspas \/ (cm) 40&#215;60 \/ 60&#215;80 \/ 60&#215;90<\/p><p><img decoding=\"async\" class=\"alignnone wp-image-1653 size-full\" src=\"https:\/\/www.akkushalicilik.com\/wp-content\/uploads\/andes_Asset-1.png\" alt=\"\" width=\"565\" height=\"43\" srcset=\"https:\/\/www.akkushalicilik.com\/wp-content\/uploads\/andes_Asset-1.png 565w, https:\/\/www.akkushalicilik.com\/wp-content\/uploads\/andes_Asset-1-300x23.png 300w\" sizes=\"(max-width: 565px) 100vw, 565px\" \/><\/p>\t\t\t\t\t\t\t\t<\/div>\n\t\t\t\t<\/div>\n\t\t\t\t\t<\/div>\n\t\t<\/div>\n\t\t\t\t\t<\/div>\n\t\t<\/section>\n\t\t\t\t<section class=\"elementor-section elementor-top-section elementor-element elementor-element-76b7922 elementor-section-boxed elementor-section-height-default elementor-section-height-default\" data-id=\"76b7922\" data-element_type=\"section\" data-e-type=\"section\">\n\t\t\t\t\t\t<div class=\"elementor-container elementor-column-gap-default\">\n\t\t\t\t\t<div class=\"elementor-column elementor-col-100 elementor-top-column elementor-element elementor-element-c995548\" data-id=\"c995548\" data-element_type=\"column\" data-e-type=\"column\">\n\t\t\t<div class=\"elementor-widget-wrap elementor-element-populated\">\n\t\t\t\t\t\t<div class=\"elementor-element elementor-element-d81798c elementor-widget elementor-widget-image-gallery\" data-id=\"d81798c\" data-element_type=\"widget\" data-e-type=\"widget\" data-widget_type=\"image-gallery.default\">\n\t\t\t\t<div class=\"elementor-widget-container\">\n\t\t\t\t\t\t\t<div class=\"elementor-image-gallery\">\n\t\t\t<div id='gallery-1' class='gallery galleryid-1650 gallery-columns-3 gallery-size-thumbnail'><figure class='gallery-item'>\n\t\t\t<div class='gallery-icon landscape'>\n\t\t\t\t<a data-elementor-open-lightbox=\"yes\" data-elementor-lightbox-slideshow=\"d81798c\" data-elementor-lightbox-title=\"andes_70-45\" data-e-action-hash=\"#elementor-action%3Aaction%3Dlightbox%26settings%3DeyJpZCI6MTY1NCwidXJsIjoiaHR0cHM6XC9cL3d3dy5ha2t1c2hhbGljaWxpay5jb21cL3dwLWNvbnRlbnRcL3VwbG9hZHNcL2FuZGVzXzcwLTQ1LmpwZyIsInNsaWRlc2hvdyI6ImQ4MTc5OGMifQ%3D%3D\" href='https:\/\/www.akkushalicilik.com\/wp-content\/uploads\/andes_70-45.jpg'><img decoding=\"async\" width=\"150\" height=\"150\" src=\"https:\/\/www.akkushalicilik.com\/wp-content\/uploads\/andes_70-45-150x150.jpg\" class=\"attachment-thumbnail size-thumbnail\" alt=\"\" srcset=\"https:\/\/www.akkushalicilik.com\/wp-content\/uploads\/andes_70-45-150x150.jpg 150w, https:\/\/www.akkushalicilik.com\/wp-content\/uploads\/andes_70-45-800x800.jpg 800w, https:\/\/www.akkushalicilik.com\/wp-content\/uploads\/andes_70-45-100x100.jpg 100w, https:\/\/www.akkushalicilik.com\/wp-content\/uploads\/andes_70-45-700x700.jpg 700w, https:\/\/www.akkushalicilik.com\/wp-content\/uploads\/andes_70-45-300x300.jpg 300w, https:\/\/www.akkushalicilik.com\/wp-content\/uploads\/andes_70-45-768x768.jpg 768w, https:\/\/www.akkushalicilik.com\/wp-content\/uploads\/andes_70-45.jpg 1000w\" sizes=\"(max-width: 150px) 100vw, 150px\" \/><\/a>\n\t\t\t<\/div><\/figure><figure class='gallery-item'>\n\t\t\t<div class='gallery-icon landscape'>\n\t\t\t\t<a data-elementor-open-lightbox=\"yes\" data-elementor-lightbox-slideshow=\"d81798c\" data-elementor-lightbox-title=\"andes_60-31\" data-e-action-hash=\"#elementor-action%3Aaction%3Dlightbox%26settings%3DeyJpZCI6MTY1NSwidXJsIjoiaHR0cHM6XC9cL3d3dy5ha2t1c2hhbGljaWxpay5jb21cL3dwLWNvbnRlbnRcL3VwbG9hZHNcL2FuZGVzXzYwLTMxLmpwZyIsInNsaWRlc2hvdyI6ImQ4MTc5OGMifQ%3D%3D\" href='https:\/\/www.akkushalicilik.com\/wp-content\/uploads\/andes_60-31.jpg'><img decoding=\"async\" width=\"150\" height=\"150\" src=\"https:\/\/www.akkushalicilik.com\/wp-content\/uploads\/andes_60-31-150x150.jpg\" class=\"attachment-thumbnail size-thumbnail\" alt=\"\" srcset=\"https:\/\/www.akkushalicilik.com\/wp-content\/uploads\/andes_60-31-150x150.jpg 150w, https:\/\/www.akkushalicilik.com\/wp-content\/uploads\/andes_60-31-800x800.jpg 800w, https:\/\/www.akkushalicilik.com\/wp-content\/uploads\/andes_60-31-100x100.jpg 100w, https:\/\/www.akkushalicilik.com\/wp-content\/uploads\/andes_60-31-700x700.jpg 700w, https:\/\/www.akkushalicilik.com\/wp-content\/uploads\/andes_60-31-300x300.jpg 300w, https:\/\/www.akkushalicilik.com\/wp-content\/uploads\/andes_60-31-768x768.jpg 768w, https:\/\/www.akkushalicilik.com\/wp-content\/uploads\/andes_60-31.jpg 1000w\" sizes=\"(max-width: 150px) 100vw, 150px\" \/><\/a>\n\t\t\t<\/div><\/figure><figure class='gallery-item'>\n\t\t\t<div class='gallery-icon landscape'>\n\t\t\t\t<a data-elementor-open-lightbox=\"yes\" data-elementor-lightbox-slideshow=\"d81798c\" data-elementor-lightbox-title=\"andes_54-4\" data-e-action-hash=\"#elementor-action%3Aaction%3Dlightbox%26settings%3DeyJpZCI6MTY1NiwidXJsIjoiaHR0cHM6XC9cL3d3dy5ha2t1c2hhbGljaWxpay5jb21cL3dwLWNvbnRlbnRcL3VwbG9hZHNcL2FuZGVzXzU0LTQuanBnIiwic2xpZGVzaG93IjoiZDgxNzk4YyJ9\" href='https:\/\/www.akkushalicilik.com\/wp-content\/uploads\/andes_54-4.jpg'><img loading=\"lazy\" decoding=\"async\" width=\"150\" height=\"150\" src=\"https:\/\/www.akkushalicilik.com\/wp-content\/uploads\/andes_54-4-150x150.jpg\" class=\"attachment-thumbnail size-thumbnail\" alt=\"\" srcset=\"https:\/\/www.akkushalicilik.com\/wp-content\/uploads\/andes_54-4-150x150.jpg 150w, https:\/\/www.akkushalicilik.com\/wp-content\/uploads\/andes_54-4-800x800.jpg 800w, https:\/\/www.akkushalicilik.com\/wp-content\/uploads\/andes_54-4-100x100.jpg 100w, https:\/\/www.akkushalicilik.com\/wp-content\/uploads\/andes_54-4-700x700.jpg 700w, https:\/\/www.akkushalicilik.com\/wp-content\/uploads\/andes_54-4-300x300.jpg 300w, https:\/\/www.akkushalicilik.com\/wp-content\/uploads\/andes_54-4-768x768.jpg 768w, https:\/\/www.akkushalicilik.com\/wp-content\/uploads\/andes_54-4.jpg 1000w\" sizes=\"(max-width: 150px) 100vw, 150px\" \/><\/a>\n\t\t\t<\/div><\/figure><figure class='gallery-item'>\n\t\t\t<div class='gallery-icon landscape'>\n\t\t\t\t<a data-elementor-open-lightbox=\"yes\" data-elementor-lightbox-slideshow=\"d81798c\" data-elementor-lightbox-title=\"andes_50-45\" data-e-action-hash=\"#elementor-action%3Aaction%3Dlightbox%26settings%3DeyJpZCI6MTY1NywidXJsIjoiaHR0cHM6XC9cL3d3dy5ha2t1c2hhbGljaWxpay5jb21cL3dwLWNvbnRlbnRcL3VwbG9hZHNcL2FuZGVzXzUwLTQ1LmpwZyIsInNsaWRlc2hvdyI6ImQ4MTc5OGMifQ%3D%3D\" href='https:\/\/www.akkushalicilik.com\/wp-content\/uploads\/andes_50-45.jpg'><img loading=\"lazy\" decoding=\"async\" width=\"150\" height=\"150\" src=\"https:\/\/www.akkushalicilik.com\/wp-content\/uploads\/andes_50-45-150x150.jpg\" class=\"attachment-thumbnail size-thumbnail\" alt=\"\" srcset=\"https:\/\/www.akkushalicilik.com\/wp-content\/uploads\/andes_50-45-150x150.jpg 150w, https:\/\/www.akkushalicilik.com\/wp-content\/uploads\/andes_50-45-800x800.jpg 800w, https:\/\/www.akkushalicilik.com\/wp-content\/uploads\/andes_50-45-100x100.jpg 100w, https:\/\/www.akkushalicilik.com\/wp-content\/uploads\/andes_50-45-700x700.jpg 700w, https:\/\/www.akkushalicilik.com\/wp-content\/uploads\/andes_50-45-300x300.jpg 300w, https:\/\/www.akkushalicilik.com\/wp-content\/uploads\/andes_50-45-768x768.jpg 768w, https:\/\/www.akkushalicilik.com\/wp-content\/uploads\/andes_50-45.jpg 1000w\" sizes=\"(max-width: 150px) 100vw, 150px\" \/><\/a>\n\t\t\t<\/div><\/figure><figure class='gallery-item'>\n\t\t\t<div class='gallery-icon landscape'>\n\t\t\t\t<a data-elementor-open-lightbox=\"yes\" data-elementor-lightbox-slideshow=\"d81798c\" data-elementor-lightbox-title=\"andes_40-45\" data-e-action-hash=\"#elementor-action%3Aaction%3Dlightbox%26settings%3DeyJpZCI6MTY1OCwidXJsIjoiaHR0cHM6XC9cL3d3dy5ha2t1c2hhbGljaWxpay5jb21cL3dwLWNvbnRlbnRcL3VwbG9hZHNcL2FuZGVzXzQwLTQ1LmpwZyIsInNsaWRlc2hvdyI6ImQ4MTc5OGMifQ%3D%3D\" href='https:\/\/www.akkushalicilik.com\/wp-content\/uploads\/andes_40-45.jpg'><img loading=\"lazy\" decoding=\"async\" width=\"150\" height=\"150\" src=\"https:\/\/www.akkushalicilik.com\/wp-content\/uploads\/andes_40-45-150x150.jpg\" class=\"attachment-thumbnail size-thumbnail\" alt=\"\" srcset=\"https:\/\/www.akkushalicilik.com\/wp-content\/uploads\/andes_40-45-150x150.jpg 150w, https:\/\/www.akkushalicilik.com\/wp-content\/uploads\/andes_40-45-800x800.jpg 800w, https:\/\/www.akkushalicilik.com\/wp-content\/uploads\/andes_40-45-100x100.jpg 100w, https:\/\/www.akkushalicilik.com\/wp-content\/uploads\/andes_40-45-700x700.jpg 700w, https:\/\/www.akkushalicilik.com\/wp-content\/uploads\/andes_40-45-300x300.jpg 300w, https:\/\/www.akkushalicilik.com\/wp-content\/uploads\/andes_40-45-768x768.jpg 768w, https:\/\/www.akkushalicilik.com\/wp-content\/uploads\/andes_40-45.jpg 1000w\" sizes=\"(max-width: 150px) 100vw, 150px\" \/><\/a>\n\t\t\t<\/div><\/figure><figure class='gallery-item'>\n\t\t\t<div class='gallery-icon landscape'>\n\t\t\t\t<a data-elementor-open-lightbox=\"yes\" data-elementor-lightbox-slideshow=\"d81798c\" data-elementor-lightbox-title=\"andes_32-11\" data-e-action-hash=\"#elementor-action%3Aaction%3Dlightbox%26settings%3DeyJpZCI6MTY1OSwidXJsIjoiaHR0cHM6XC9cL3d3dy5ha2t1c2hhbGljaWxpay5jb21cL3dwLWNvbnRlbnRcL3VwbG9hZHNcL2FuZGVzXzMyLTExLmpwZyIsInNsaWRlc2hvdyI6ImQ4MTc5OGMifQ%3D%3D\" href='https:\/\/www.akkushalicilik.com\/wp-content\/uploads\/andes_32-11.jpg'><img loading=\"lazy\" decoding=\"async\" width=\"150\" height=\"150\" src=\"https:\/\/www.akkushalicilik.com\/wp-content\/uploads\/andes_32-11-150x150.jpg\" class=\"attachment-thumbnail size-thumbnail\" alt=\"\" srcset=\"https:\/\/www.akkushalicilik.com\/wp-content\/uploads\/andes_32-11-150x150.jpg 150w, https:\/\/www.akkushalicilik.com\/wp-content\/uploads\/andes_32-11-800x800.jpg 800w, https:\/\/www.akkushalicilik.com\/wp-content\/uploads\/andes_32-11-100x100.jpg 100w, https:\/\/www.akkushalicilik.com\/wp-content\/uploads\/andes_32-11-700x700.jpg 700w, https:\/\/www.akkushalicilik.com\/wp-content\/uploads\/andes_32-11-300x300.jpg 300w, https:\/\/www.akkushalicilik.com\/wp-content\/uploads\/andes_32-11-768x768.jpg 768w, https:\/\/www.akkushalicilik.com\/wp-content\/uploads\/andes_32-11.jpg 1000w\" sizes=\"(max-width: 150px) 100vw, 150px\" \/><\/a>\n\t\t\t<\/div><\/figure><figure class='gallery-item'>\n\t\t\t<div class='gallery-icon landscape'>\n\t\t\t\t<a data-elementor-open-lightbox=\"yes\" data-elementor-lightbox-slideshow=\"d81798c\" data-elementor-lightbox-title=\"andes_30-34\" data-e-action-hash=\"#elementor-action%3Aaction%3Dlightbox%26settings%3DeyJpZCI6MTY2MCwidXJsIjoiaHR0cHM6XC9cL3d3dy5ha2t1c2hhbGljaWxpay5jb21cL3dwLWNvbnRlbnRcL3VwbG9hZHNcL2FuZGVzXzMwLTM0LmpwZyIsInNsaWRlc2hvdyI6ImQ4MTc5OGMifQ%3D%3D\" href='https:\/\/www.akkushalicilik.com\/wp-content\/uploads\/andes_30-34.jpg'><img loading=\"lazy\" decoding=\"async\" width=\"150\" height=\"150\" src=\"https:\/\/www.akkushalicilik.com\/wp-content\/uploads\/andes_30-34-150x150.jpg\" class=\"attachment-thumbnail size-thumbnail\" alt=\"\" srcset=\"https:\/\/www.akkushalicilik.com\/wp-content\/uploads\/andes_30-34-150x150.jpg 150w, https:\/\/www.akkushalicilik.com\/wp-content\/uploads\/andes_30-34-800x800.jpg 800w, https:\/\/www.akkushalicilik.com\/wp-content\/uploads\/andes_30-34-100x100.jpg 100w, https:\/\/www.akkushalicilik.com\/wp-content\/uploads\/andes_30-34-700x700.jpg 700w, https:\/\/www.akkushalicilik.com\/wp-content\/uploads\/andes_30-34-300x300.jpg 300w, https:\/\/www.akkushalicilik.com\/wp-content\/uploads\/andes_30-34-768x768.jpg 768w, https:\/\/www.akkushalicilik.com\/wp-content\/uploads\/andes_30-34.jpg 1000w\" sizes=\"(max-width: 150px) 100vw, 150px\" \/><\/a>\n\t\t\t<\/div><\/figure>\n\t\t<\/div>\n\t\t<\/div>\n\t\t\t\t\t\t<\/div>\n\t\t\t\t<\/div>\n\t\t\t\t\t<\/div>\n\t\t<\/div>\n\t\t\t\t\t<\/div>\n\t\t<\/section>\n\t\t\t\t<\/div>\n\t\t","protected":false},"excerpt":{"rendered":"<p>\u00c7elik Paspaslar<\/p>\n","protected":false},"featured_media":1651,"template":"","meta":{"_kad_post_transparent":"default","_kad_post_title":"","_kad_post_layout":"default","_kad_post_sidebar_id":"","_kad_post_content_style":"default","_kad_post_vertical_padding":"default","_kad_post_feature":"","_kad_post_feature_position":"","_kad_post_header":false,"_kad_post_footer":false,"_kad_post_classname":""},"product_brand":[],"product_cat":[20],"product_tag":[],"class_list":{"0":"post-1650","1":"product","2":"type-product","3":"status-publish","4":"has-post-thumbnail","6":"product_cat-vebe","8":"first","9":"instock","10":"featured","11":"shipping-taxable","12":"product-type-simple","13":"entry","14":"content-bg","15":"loop-entry"},"jetpack_sharing_enabled":true,"_links":{"self":[{"href":"https:\/\/www.akkushalicilik.com\/index.php?rest_route=\/wp\/v2\/product\/1650","targetHints":{"allow":["GET"]}}],"collection":[{"href":"https:\/\/www.akkushalicilik.com\/index.php?rest_route=\/wp\/v2\/product"}],"about":[{"href":"https:\/\/www.akkushalicilik.com\/index.php?rest_route=\/wp\/v2\/types\/product"}],"version-history":[{"count":5,"href":"https:\/\/www.akkushalicilik.com\/index.php?rest_route=\/wp\/v2\/product\/1650\/revisions"}],"predecessor-version":[{"id":1665,"href":"https:\/\/www.akkushalicilik.com\/index.php?rest_route=\/wp\/v2\/product\/1650\/revisions\/1665"}],"wp:featuredmedia":[{"embeddable":true,"href":"https:\/\/www.akkushalicilik.com\/index.php?rest_route=\/wp\/v2\/media\/1651"}],"wp:attachment":[{"href":"https:\/\/www.akkushalicilik.com\/index.php?rest_route=%2Fwp%2Fv2%2Fmedia&parent=1650"}],"wp:term":[{"taxonomy":"product_brand","embeddable":true,"href":"https:\/\/www.akkushalicilik.com\/index.php?rest_route=%2Fwp%2Fv2%2Fproduct_brand&post=1650"},{"taxonomy":"product_cat","embeddable":true,"href":"https:\/\/www.akkushalicilik.com\/index.php?rest_route=%2Fwp%2Fv2%2Fproduct_cat&post=1650"},{"taxonomy":"product_tag","embeddable":true,"href":"https:\/\/www.akkushalicilik.com\/index.php?rest_route=%2Fwp%2Fv2%2Fproduct_tag&post=1650"}],"curies":[{"name":"wp","href":"https:\/\/api.w.org\/{rel}","templated":true}]}}