{"id":1679,"date":"2022-03-09T17:11:18","date_gmt":"2022-03-09T14:11:18","guid":{"rendered":"https:\/\/www.akkushalicilik.com\/?post_type=product&#038;p=1679"},"modified":"2022-03-09T17:19:04","modified_gmt":"2022-03-09T14:19:04","slug":"ribco","status":"publish","type":"product","link":"https:\/\/www.akkushalicilik.com\/?product=ribco","title":{"rendered":"Ribco"},"content":{"rendered":"\t\t<div data-elementor-type=\"wp-post\" data-elementor-id=\"1679\" class=\"elementor elementor-1679\">\n\t\t\t\t\t\t<section class=\"elementor-section elementor-top-section elementor-element elementor-element-371f9e2 elementor-section-boxed elementor-section-height-default elementor-section-height-default\" data-id=\"371f9e2\" data-element_type=\"section\" data-e-type=\"section\">\n\t\t\t\t\t\t<div class=\"elementor-container elementor-column-gap-default\">\n\t\t\t\t\t<div class=\"elementor-column elementor-col-100 elementor-top-column elementor-element elementor-element-171e9606\" data-id=\"171e9606\" data-element_type=\"column\" data-e-type=\"column\">\n\t\t\t<div class=\"elementor-widget-wrap elementor-element-populated\">\n\t\t\t\t\t\t<div class=\"elementor-element elementor-element-40c039e0 elementor-widget elementor-widget-text-editor\" data-id=\"40c039e0\" data-element_type=\"widget\" data-e-type=\"widget\" data-widget_type=\"text-editor.default\">\n\t\t\t\t<div class=\"elementor-widget-container\">\n\t\t\t\t\t\t\t\t\t<p>Hav Malzemesi \/ %75 PP %25 PES<br \/>Toplam A\u011f\u0131rl\u0131k \/ 1.080 g\/m\u00b2<br \/>Taban \/ PT<br \/>Paspas \/ (cm) 40&#215;60 \/ 60&#215;80 \/ 60&#215;90<\/p><p><img decoding=\"async\" class=\"alignnone wp-image-1653 size-full\" src=\"https:\/\/www.akkushalicilik.com\/wp-content\/uploads\/andes_Asset-1.png\" alt=\"\" width=\"565\" height=\"43\" srcset=\"https:\/\/www.akkushalicilik.com\/wp-content\/uploads\/andes_Asset-1.png 565w, https:\/\/www.akkushalicilik.com\/wp-content\/uploads\/andes_Asset-1-300x23.png 300w\" sizes=\"(max-width: 565px) 100vw, 565px\" \/><\/p>\t\t\t\t\t\t\t\t<\/div>\n\t\t\t\t<\/div>\n\t\t\t\t\t<\/div>\n\t\t<\/div>\n\t\t\t\t\t<\/div>\n\t\t<\/section>\n\t\t\t\t<section class=\"elementor-section elementor-top-section elementor-element elementor-element-76b7922 elementor-section-boxed elementor-section-height-default elementor-section-height-default\" data-id=\"76b7922\" data-element_type=\"section\" data-e-type=\"section\">\n\t\t\t\t\t\t<div class=\"elementor-container elementor-column-gap-default\">\n\t\t\t\t\t<div class=\"elementor-column elementor-col-100 elementor-top-column elementor-element elementor-element-c995548\" data-id=\"c995548\" data-element_type=\"column\" data-e-type=\"column\">\n\t\t\t<div class=\"elementor-widget-wrap elementor-element-populated\">\n\t\t\t\t\t\t<div class=\"elementor-element elementor-element-d81798c elementor-widget elementor-widget-image-gallery\" data-id=\"d81798c\" data-element_type=\"widget\" data-e-type=\"widget\" data-widget_type=\"image-gallery.default\">\n\t\t\t\t<div class=\"elementor-widget-container\">\n\t\t\t\t\t\t\t<div class=\"elementor-image-gallery\">\n\t\t\t<div id='gallery-1' class='gallery galleryid-1679 gallery-columns-3 gallery-size-thumbnail'><figure class='gallery-item'>\n\t\t\t<div class='gallery-icon landscape'>\n\t\t\t\t<a data-elementor-open-lightbox=\"yes\" data-elementor-lightbox-slideshow=\"d81798c\" data-elementor-lightbox-title=\"ribco_90-8\" data-e-action-hash=\"#elementor-action%3Aaction%3Dlightbox%26settings%3DeyJpZCI6MTY4MiwidXJsIjoiaHR0cHM6XC9cL3d3dy5ha2t1c2hhbGljaWxpay5jb21cL3dwLWNvbnRlbnRcL3VwbG9hZHNcL3JpYmNvXzkwLTguanBnIiwic2xpZGVzaG93IjoiZDgxNzk4YyJ9\" href='https:\/\/www.akkushalicilik.com\/wp-content\/uploads\/ribco_90-8.jpg'><img decoding=\"async\" width=\"150\" height=\"150\" src=\"https:\/\/www.akkushalicilik.com\/wp-content\/uploads\/ribco_90-8-150x150.jpg\" class=\"attachment-thumbnail size-thumbnail\" alt=\"\" srcset=\"https:\/\/www.akkushalicilik.com\/wp-content\/uploads\/ribco_90-8-150x150.jpg 150w, https:\/\/www.akkushalicilik.com\/wp-content\/uploads\/ribco_90-8-800x800.jpg 800w, https:\/\/www.akkushalicilik.com\/wp-content\/uploads\/ribco_90-8-100x100.jpg 100w, https:\/\/www.akkushalicilik.com\/wp-content\/uploads\/ribco_90-8-700x700.jpg 700w, https:\/\/www.akkushalicilik.com\/wp-content\/uploads\/ribco_90-8-300x300.jpg 300w, https:\/\/www.akkushalicilik.com\/wp-content\/uploads\/ribco_90-8-768x768.jpg 768w, https:\/\/www.akkushalicilik.com\/wp-content\/uploads\/ribco_90-8.jpg 1000w\" sizes=\"(max-width: 150px) 100vw, 150px\" \/><\/a>\n\t\t\t<\/div><\/figure><figure class='gallery-item'>\n\t\t\t<div class='gallery-icon landscape'>\n\t\t\t\t<a data-elementor-open-lightbox=\"yes\" data-elementor-lightbox-slideshow=\"d81798c\" data-elementor-lightbox-title=\"ribco_88-8\" data-e-action-hash=\"#elementor-action%3Aaction%3Dlightbox%26settings%3DeyJpZCI6MTY4MywidXJsIjoiaHR0cHM6XC9cL3d3dy5ha2t1c2hhbGljaWxpay5jb21cL3dwLWNvbnRlbnRcL3VwbG9hZHNcL3JpYmNvXzg4LTguanBnIiwic2xpZGVzaG93IjoiZDgxNzk4YyJ9\" href='https:\/\/www.akkushalicilik.com\/wp-content\/uploads\/ribco_88-8.jpg'><img decoding=\"async\" width=\"150\" height=\"150\" src=\"https:\/\/www.akkushalicilik.com\/wp-content\/uploads\/ribco_88-8-150x150.jpg\" class=\"attachment-thumbnail size-thumbnail\" alt=\"\" srcset=\"https:\/\/www.akkushalicilik.com\/wp-content\/uploads\/ribco_88-8-150x150.jpg 150w, https:\/\/www.akkushalicilik.com\/wp-content\/uploads\/ribco_88-8-800x800.jpg 800w, https:\/\/www.akkushalicilik.com\/wp-content\/uploads\/ribco_88-8-100x100.jpg 100w, https:\/\/www.akkushalicilik.com\/wp-content\/uploads\/ribco_88-8-700x700.jpg 700w, https:\/\/www.akkushalicilik.com\/wp-content\/uploads\/ribco_88-8-300x300.jpg 300w, https:\/\/www.akkushalicilik.com\/wp-content\/uploads\/ribco_88-8-768x768.jpg 768w, https:\/\/www.akkushalicilik.com\/wp-content\/uploads\/ribco_88-8.jpg 1000w\" sizes=\"(max-width: 150px) 100vw, 150px\" \/><\/a>\n\t\t\t<\/div><\/figure><figure class='gallery-item'>\n\t\t\t<div class='gallery-icon landscape'>\n\t\t\t\t<a data-elementor-open-lightbox=\"yes\" data-elementor-lightbox-slideshow=\"d81798c\" data-elementor-lightbox-title=\"ribco_84-8\" data-e-action-hash=\"#elementor-action%3Aaction%3Dlightbox%26settings%3DeyJpZCI6MTY4NCwidXJsIjoiaHR0cHM6XC9cL3d3dy5ha2t1c2hhbGljaWxpay5jb21cL3dwLWNvbnRlbnRcL3VwbG9hZHNcL3JpYmNvXzg0LTguanBnIiwic2xpZGVzaG93IjoiZDgxNzk4YyJ9\" href='https:\/\/www.akkushalicilik.com\/wp-content\/uploads\/ribco_84-8.jpg'><img loading=\"lazy\" decoding=\"async\" width=\"150\" height=\"150\" src=\"https:\/\/www.akkushalicilik.com\/wp-content\/uploads\/ribco_84-8-150x150.jpg\" class=\"attachment-thumbnail size-thumbnail\" alt=\"\" srcset=\"https:\/\/www.akkushalicilik.com\/wp-content\/uploads\/ribco_84-8-150x150.jpg 150w, https:\/\/www.akkushalicilik.com\/wp-content\/uploads\/ribco_84-8-800x800.jpg 800w, https:\/\/www.akkushalicilik.com\/wp-content\/uploads\/ribco_84-8-100x100.jpg 100w, https:\/\/www.akkushalicilik.com\/wp-content\/uploads\/ribco_84-8-700x700.jpg 700w, https:\/\/www.akkushalicilik.com\/wp-content\/uploads\/ribco_84-8-300x300.jpg 300w, https:\/\/www.akkushalicilik.com\/wp-content\/uploads\/ribco_84-8-768x768.jpg 768w, https:\/\/www.akkushalicilik.com\/wp-content\/uploads\/ribco_84-8.jpg 1000w\" sizes=\"(max-width: 150px) 100vw, 150px\" \/><\/a>\n\t\t\t<\/div><\/figure><figure class='gallery-item'>\n\t\t\t<div class='gallery-icon landscape'>\n\t\t\t\t<a data-elementor-open-lightbox=\"yes\" data-elementor-lightbox-slideshow=\"d81798c\" data-elementor-lightbox-title=\"ribco_80-25\" data-e-action-hash=\"#elementor-action%3Aaction%3Dlightbox%26settings%3DeyJpZCI6MTY4NSwidXJsIjoiaHR0cHM6XC9cL3d3dy5ha2t1c2hhbGljaWxpay5jb21cL3dwLWNvbnRlbnRcL3VwbG9hZHNcL3JpYmNvXzgwLTI1LmpwZyIsInNsaWRlc2hvdyI6ImQ4MTc5OGMifQ%3D%3D\" href='https:\/\/www.akkushalicilik.com\/wp-content\/uploads\/ribco_80-25.jpg'><img loading=\"lazy\" decoding=\"async\" width=\"150\" height=\"150\" src=\"https:\/\/www.akkushalicilik.com\/wp-content\/uploads\/ribco_80-25-150x150.jpg\" class=\"attachment-thumbnail size-thumbnail\" alt=\"\" srcset=\"https:\/\/www.akkushalicilik.com\/wp-content\/uploads\/ribco_80-25-150x150.jpg 150w, https:\/\/www.akkushalicilik.com\/wp-content\/uploads\/ribco_80-25-800x800.jpg 800w, https:\/\/www.akkushalicilik.com\/wp-content\/uploads\/ribco_80-25-100x100.jpg 100w, https:\/\/www.akkushalicilik.com\/wp-content\/uploads\/ribco_80-25-700x700.jpg 700w, https:\/\/www.akkushalicilik.com\/wp-content\/uploads\/ribco_80-25-300x300.jpg 300w, https:\/\/www.akkushalicilik.com\/wp-content\/uploads\/ribco_80-25-768x768.jpg 768w, https:\/\/www.akkushalicilik.com\/wp-content\/uploads\/ribco_80-25.jpg 1000w\" sizes=\"(max-width: 150px) 100vw, 150px\" \/><\/a>\n\t\t\t<\/div><\/figure><figure class='gallery-item'>\n\t\t\t<div class='gallery-icon landscape'>\n\t\t\t\t<a data-elementor-open-lightbox=\"yes\" data-elementor-lightbox-slideshow=\"d81798c\" data-elementor-lightbox-title=\"ribco_70-23\" data-e-action-hash=\"#elementor-action%3Aaction%3Dlightbox%26settings%3DeyJpZCI6MTY4NiwidXJsIjoiaHR0cHM6XC9cL3d3dy5ha2t1c2hhbGljaWxpay5jb21cL3dwLWNvbnRlbnRcL3VwbG9hZHNcL3JpYmNvXzcwLTIzLmpwZyIsInNsaWRlc2hvdyI6ImQ4MTc5OGMifQ%3D%3D\" href='https:\/\/www.akkushalicilik.com\/wp-content\/uploads\/ribco_70-23.jpg'><img loading=\"lazy\" decoding=\"async\" width=\"150\" height=\"150\" src=\"https:\/\/www.akkushalicilik.com\/wp-content\/uploads\/ribco_70-23-150x150.jpg\" class=\"attachment-thumbnail size-thumbnail\" alt=\"\" srcset=\"https:\/\/www.akkushalicilik.com\/wp-content\/uploads\/ribco_70-23-150x150.jpg 150w, https:\/\/www.akkushalicilik.com\/wp-content\/uploads\/ribco_70-23-800x800.jpg 800w, https:\/\/www.akkushalicilik.com\/wp-content\/uploads\/ribco_70-23-100x100.jpg 100w, https:\/\/www.akkushalicilik.com\/wp-content\/uploads\/ribco_70-23-700x700.jpg 700w, https:\/\/www.akkushalicilik.com\/wp-content\/uploads\/ribco_70-23-300x300.jpg 300w, https:\/\/www.akkushalicilik.com\/wp-content\/uploads\/ribco_70-23-768x768.jpg 768w, https:\/\/www.akkushalicilik.com\/wp-content\/uploads\/ribco_70-23.jpg 1000w\" sizes=\"(max-width: 150px) 100vw, 150px\" \/><\/a>\n\t\t\t<\/div><\/figure><figure class='gallery-item'>\n\t\t\t<div class='gallery-icon landscape'>\n\t\t\t\t<a data-elementor-open-lightbox=\"yes\" data-elementor-lightbox-slideshow=\"d81798c\" data-elementor-lightbox-title=\"ribco_50-22\" data-e-action-hash=\"#elementor-action%3Aaction%3Dlightbox%26settings%3DeyJpZCI6MTY4NywidXJsIjoiaHR0cHM6XC9cL3d3dy5ha2t1c2hhbGljaWxpay5jb21cL3dwLWNvbnRlbnRcL3VwbG9hZHNcL3JpYmNvXzUwLTIyLmpwZyIsInNsaWRlc2hvdyI6ImQ4MTc5OGMifQ%3D%3D\" href='https:\/\/www.akkushalicilik.com\/wp-content\/uploads\/ribco_50-22.jpg'><img loading=\"lazy\" decoding=\"async\" width=\"150\" height=\"150\" src=\"https:\/\/www.akkushalicilik.com\/wp-content\/uploads\/ribco_50-22-150x150.jpg\" class=\"attachment-thumbnail size-thumbnail\" alt=\"\" srcset=\"https:\/\/www.akkushalicilik.com\/wp-content\/uploads\/ribco_50-22-150x150.jpg 150w, https:\/\/www.akkushalicilik.com\/wp-content\/uploads\/ribco_50-22-800x800.jpg 800w, https:\/\/www.akkushalicilik.com\/wp-content\/uploads\/ribco_50-22-100x100.jpg 100w, https:\/\/www.akkushalicilik.com\/wp-content\/uploads\/ribco_50-22-700x700.jpg 700w, https:\/\/www.akkushalicilik.com\/wp-content\/uploads\/ribco_50-22-300x300.jpg 300w, https:\/\/www.akkushalicilik.com\/wp-content\/uploads\/ribco_50-22-768x768.jpg 768w, https:\/\/www.akkushalicilik.com\/wp-content\/uploads\/ribco_50-22.jpg 1000w\" sizes=\"(max-width: 150px) 100vw, 150px\" \/><\/a>\n\t\t\t<\/div><\/figure><figure class='gallery-item'>\n\t\t\t<div class='gallery-icon landscape'>\n\t\t\t\t<a data-elementor-open-lightbox=\"yes\" data-elementor-lightbox-slideshow=\"d81798c\" data-elementor-lightbox-title=\"ribco_40-21\" data-e-action-hash=\"#elementor-action%3Aaction%3Dlightbox%26settings%3DeyJpZCI6MTY4OCwidXJsIjoiaHR0cHM6XC9cL3d3dy5ha2t1c2hhbGljaWxpay5jb21cL3dwLWNvbnRlbnRcL3VwbG9hZHNcL3JpYmNvXzQwLTIxLmpwZyIsInNsaWRlc2hvdyI6ImQ4MTc5OGMifQ%3D%3D\" href='https:\/\/www.akkushalicilik.com\/wp-content\/uploads\/ribco_40-21.jpg'><img loading=\"lazy\" decoding=\"async\" width=\"150\" height=\"150\" src=\"https:\/\/www.akkushalicilik.com\/wp-content\/uploads\/ribco_40-21-150x150.jpg\" class=\"attachment-thumbnail size-thumbnail\" alt=\"\" srcset=\"https:\/\/www.akkushalicilik.com\/wp-content\/uploads\/ribco_40-21-150x150.jpg 150w, https:\/\/www.akkushalicilik.com\/wp-content\/uploads\/ribco_40-21-800x800.jpg 800w, https:\/\/www.akkushalicilik.com\/wp-content\/uploads\/ribco_40-21-100x100.jpg 100w, https:\/\/www.akkushalicilik.com\/wp-content\/uploads\/ribco_40-21-700x700.jpg 700w, https:\/\/www.akkushalicilik.com\/wp-content\/uploads\/ribco_40-21-300x300.jpg 300w, https:\/\/www.akkushalicilik.com\/wp-content\/uploads\/ribco_40-21-768x768.jpg 768w, https:\/\/www.akkushalicilik.com\/wp-content\/uploads\/ribco_40-21.jpg 1000w\" sizes=\"(max-width: 150px) 100vw, 150px\" \/><\/a>\n\t\t\t<\/div><\/figure><figure class='gallery-item'>\n\t\t\t<div class='gallery-icon landscape'>\n\t\t\t\t<a data-elementor-open-lightbox=\"yes\" data-elementor-lightbox-slideshow=\"d81798c\" data-elementor-lightbox-title=\"ribco_33\" data-e-action-hash=\"#elementor-action%3Aaction%3Dlightbox%26settings%3DeyJpZCI6MTY4OSwidXJsIjoiaHR0cHM6XC9cL3d3dy5ha2t1c2hhbGljaWxpay5jb21cL3dwLWNvbnRlbnRcL3VwbG9hZHNcL3JpYmNvXzMzLmpwZyIsInNsaWRlc2hvdyI6ImQ4MTc5OGMifQ%3D%3D\" href='https:\/\/www.akkushalicilik.com\/wp-content\/uploads\/ribco_33.jpg'><img loading=\"lazy\" decoding=\"async\" width=\"150\" height=\"150\" src=\"https:\/\/www.akkushalicilik.com\/wp-content\/uploads\/ribco_33-150x150.jpg\" class=\"attachment-thumbnail size-thumbnail\" alt=\"\" srcset=\"https:\/\/www.akkushalicilik.com\/wp-content\/uploads\/ribco_33-150x150.jpg 150w, https:\/\/www.akkushalicilik.com\/wp-content\/uploads\/ribco_33-800x800.jpg 800w, https:\/\/www.akkushalicilik.com\/wp-content\/uploads\/ribco_33-100x100.jpg 100w, https:\/\/www.akkushalicilik.com\/wp-content\/uploads\/ribco_33-700x700.jpg 700w, https:\/\/www.akkushalicilik.com\/wp-content\/uploads\/ribco_33-300x300.jpg 300w, https:\/\/www.akkushalicilik.com\/wp-content\/uploads\/ribco_33-768x768.jpg 768w, https:\/\/www.akkushalicilik.com\/wp-content\/uploads\/ribco_33.jpg 1000w\" sizes=\"(max-width: 150px) 100vw, 150px\" \/><\/a>\n\t\t\t<\/div><\/figure><figure class='gallery-item'>\n\t\t\t<div class='gallery-icon landscape'>\n\t\t\t\t<a data-elementor-open-lightbox=\"yes\" data-elementor-lightbox-slideshow=\"d81798c\" data-elementor-lightbox-title=\"ribco_20-19\" data-e-action-hash=\"#elementor-action%3Aaction%3Dlightbox%26settings%3DeyJpZCI6MTY5MCwidXJsIjoiaHR0cHM6XC9cL3d3dy5ha2t1c2hhbGljaWxpay5jb21cL3dwLWNvbnRlbnRcL3VwbG9hZHNcL3JpYmNvXzIwLTE5LmpwZyIsInNsaWRlc2hvdyI6ImQ4MTc5OGMifQ%3D%3D\" href='https:\/\/www.akkushalicilik.com\/wp-content\/uploads\/ribco_20-19.jpg'><img loading=\"lazy\" decoding=\"async\" width=\"150\" height=\"150\" src=\"https:\/\/www.akkushalicilik.com\/wp-content\/uploads\/ribco_20-19-150x150.jpg\" class=\"attachment-thumbnail size-thumbnail\" alt=\"\" srcset=\"https:\/\/www.akkushalicilik.com\/wp-content\/uploads\/ribco_20-19-150x150.jpg 150w, https:\/\/www.akkushalicilik.com\/wp-content\/uploads\/ribco_20-19-800x800.jpg 800w, https:\/\/www.akkushalicilik.com\/wp-content\/uploads\/ribco_20-19-100x100.jpg 100w, https:\/\/www.akkushalicilik.com\/wp-content\/uploads\/ribco_20-19-700x700.jpg 700w, https:\/\/www.akkushalicilik.com\/wp-content\/uploads\/ribco_20-19-300x300.jpg 300w, https:\/\/www.akkushalicilik.com\/wp-content\/uploads\/ribco_20-19-768x768.jpg 768w, https:\/\/www.akkushalicilik.com\/wp-content\/uploads\/ribco_20-19.jpg 1000w\" sizes=\"(max-width: 150px) 100vw, 150px\" \/><\/a>\n\t\t\t<\/div><\/figure>\n\t\t<\/div>\n\t\t<\/div>\n\t\t\t\t\t\t<\/div>\n\t\t\t\t<\/div>\n\t\t\t\t\t<\/div>\n\t\t<\/div>\n\t\t\t\t\t<\/div>\n\t\t<\/section>\n\t\t\t\t<\/div>\n\t\t","protected":false},"excerpt":{"rendered":"<p>\u00c7elik Paspaslar<\/p>\n","protected":false},"featured_media":1680,"template":"","meta":{"_kad_post_transparent":"default","_kad_post_title":"","_kad_post_layout":"default","_kad_post_sidebar_id":"","_kad_post_content_style":"default","_kad_post_vertical_padding":"default","_kad_post_feature":"","_kad_post_feature_position":"","_kad_post_header":false,"_kad_post_footer":false,"_kad_post_classname":""},"product_brand":[],"product_cat":[20],"product_tag":[],"class_list":{"0":"post-1679","1":"product","2":"type-product","3":"status-publish","4":"has-post-thumbnail","6":"product_cat-vebe","8":"first","9":"instock","10":"featured","11":"shipping-taxable","12":"product-type-simple","13":"entry","14":"content-bg","15":"loop-entry"},"jetpack_sharing_enabled":true,"_links":{"self":[{"href":"https:\/\/www.akkushalicilik.com\/index.php?rest_route=\/wp\/v2\/product\/1679","targetHints":{"allow":["GET"]}}],"collection":[{"href":"https:\/\/www.akkushalicilik.com\/index.php?rest_route=\/wp\/v2\/product"}],"about":[{"href":"https:\/\/www.akkushalicilik.com\/index.php?rest_route=\/wp\/v2\/types\/product"}],"version-history":[{"count":5,"href":"https:\/\/www.akkushalicilik.com\/index.php?rest_route=\/wp\/v2\/product\/1679\/revisions"}],"predecessor-version":[{"id":1695,"href":"https:\/\/www.akkushalicilik.com\/index.php?rest_route=\/wp\/v2\/product\/1679\/revisions\/1695"}],"wp:featuredmedia":[{"embeddable":true,"href":"https:\/\/www.akkushalicilik.com\/index.php?rest_route=\/wp\/v2\/media\/1680"}],"wp:attachment":[{"href":"https:\/\/www.akkushalicilik.com\/index.php?rest_route=%2Fwp%2Fv2%2Fmedia&parent=1679"}],"wp:term":[{"taxonomy":"product_brand","embeddable":true,"href":"https:\/\/www.akkushalicilik.com\/index.php?rest_route=%2Fwp%2Fv2%2Fproduct_brand&post=1679"},{"taxonomy":"product_cat","embeddable":true,"href":"https:\/\/www.akkushalicilik.com\/index.php?rest_route=%2Fwp%2Fv2%2Fproduct_cat&post=1679"},{"taxonomy":"product_tag","embeddable":true,"href":"https:\/\/www.akkushalicilik.com\/index.php?rest_route=%2Fwp%2Fv2%2Fproduct_tag&post=1679"}],"curies":[{"name":"wp","href":"https:\/\/api.w.org\/{rel}","templated":true}]}}