{"id":2051,"date":"2022-03-15T16:03:23","date_gmt":"2022-03-15T13:03:23","guid":{"rendered":"https:\/\/www.akkushalicilik.com\/?post_type=product&#038;p=2051"},"modified":"2022-03-15T16:22:19","modified_gmt":"2022-03-15T13:22:19","slug":"power","status":"publish","type":"product","link":"https:\/\/www.akkushalicilik.com\/?product=power","title":{"rendered":"Power"},"content":{"rendered":"\t\t<div data-elementor-type=\"wp-post\" data-elementor-id=\"2051\" class=\"elementor elementor-2051\">\n\t\t\t\t\t\t<section class=\"elementor-section elementor-top-section elementor-element elementor-element-371f9e2 elementor-section-boxed elementor-section-height-default elementor-section-height-default\" data-id=\"371f9e2\" data-element_type=\"section\" data-e-type=\"section\">\n\t\t\t\t\t\t<div class=\"elementor-container elementor-column-gap-default\">\n\t\t\t\t\t<div class=\"elementor-column elementor-col-100 elementor-top-column elementor-element elementor-element-171e9606\" data-id=\"171e9606\" data-element_type=\"column\" data-e-type=\"column\">\n\t\t\t<div class=\"elementor-widget-wrap elementor-element-populated\">\n\t\t\t\t\t\t<div class=\"elementor-element elementor-element-40c039e0 elementor-widget elementor-widget-text-editor\" data-id=\"40c039e0\" data-element_type=\"widget\" data-e-type=\"widget\" data-widget_type=\"text-editor.default\">\n\t\t\t\t<div class=\"elementor-widget-container\">\n\t\t\t\t\t\t\t\t\t<p>Hav Malzemesi \/ %100 dorix\u00ae PA\u00a0\u00a0<br \/>Toplam A\u011f\u0131rl\u0131k \/ 1.380 g\/m\u00b2<br \/>Taban \/ LV<br \/>Yolluklar \/ (cm)\u00a0 200 \/ 400\u00a0<\/p><p><img decoding=\"async\" class=\"alignnone wp-image-2055 size-full\" src=\"https:\/\/www.akkushalicilik.com\/wp-content\/uploads\/power-Asset-1.png\" alt=\"\" width=\"818\" height=\"43\" srcset=\"https:\/\/www.akkushalicilik.com\/wp-content\/uploads\/power-Asset-1.png 818w, https:\/\/www.akkushalicilik.com\/wp-content\/uploads\/power-Asset-1-800x43.png 800w, https:\/\/www.akkushalicilik.com\/wp-content\/uploads\/power-Asset-1-700x37.png 700w, https:\/\/www.akkushalicilik.com\/wp-content\/uploads\/power-Asset-1-300x16.png 300w, https:\/\/www.akkushalicilik.com\/wp-content\/uploads\/power-Asset-1-768x40.png 768w\" sizes=\"(max-width: 818px) 100vw, 818px\" \/><\/p>\t\t\t\t\t\t\t\t<\/div>\n\t\t\t\t<\/div>\n\t\t\t\t\t<\/div>\n\t\t<\/div>\n\t\t\t\t\t<\/div>\n\t\t<\/section>\n\t\t\t\t<section class=\"elementor-section elementor-top-section elementor-element elementor-element-76b7922 elementor-section-boxed elementor-section-height-default elementor-section-height-default\" data-id=\"76b7922\" data-element_type=\"section\" data-e-type=\"section\">\n\t\t\t\t\t\t<div class=\"elementor-container elementor-column-gap-default\">\n\t\t\t\t\t<div class=\"elementor-column elementor-col-100 elementor-top-column elementor-element elementor-element-c995548\" data-id=\"c995548\" data-element_type=\"column\" data-e-type=\"column\">\n\t\t\t<div class=\"elementor-widget-wrap elementor-element-populated\">\n\t\t\t\t\t\t<div class=\"elementor-element elementor-element-d81798c elementor-widget elementor-widget-image-gallery\" data-id=\"d81798c\" data-element_type=\"widget\" data-e-type=\"widget\" data-widget_type=\"image-gallery.default\">\n\t\t\t\t<div class=\"elementor-widget-container\">\n\t\t\t\t\t\t\t<div class=\"elementor-image-gallery\">\n\t\t\t<div id='gallery-1' class='gallery galleryid-2051 gallery-columns-3 gallery-size-thumbnail'><figure class='gallery-item'>\n\t\t\t<div class='gallery-icon landscape'>\n\t\t\t\t<a data-elementor-open-lightbox=\"yes\" data-elementor-lightbox-slideshow=\"d81798c\" data-elementor-lightbox-title=\"power_20\" data-e-action-hash=\"#elementor-action%3Aaction%3Dlightbox%26settings%3DeyJpZCI6MjA1NiwidXJsIjoiaHR0cHM6XC9cL3d3dy5ha2t1c2hhbGljaWxpay5jb21cL3dwLWNvbnRlbnRcL3VwbG9hZHNcL3Bvd2VyXzIwLmpwZyIsInNsaWRlc2hvdyI6ImQ4MTc5OGMifQ%3D%3D\" href='https:\/\/www.akkushalicilik.com\/wp-content\/uploads\/power_20.jpg'><img decoding=\"async\" width=\"150\" height=\"150\" src=\"https:\/\/www.akkushalicilik.com\/wp-content\/uploads\/power_20-150x150.jpg\" class=\"attachment-thumbnail size-thumbnail\" alt=\"\" srcset=\"https:\/\/www.akkushalicilik.com\/wp-content\/uploads\/power_20-150x150.jpg 150w, https:\/\/www.akkushalicilik.com\/wp-content\/uploads\/power_20-100x100.jpg 100w, https:\/\/www.akkushalicilik.com\/wp-content\/uploads\/power_20.jpg 270w\" sizes=\"(max-width: 150px) 100vw, 150px\" \/><\/a>\n\t\t\t<\/div><\/figure><figure class='gallery-item'>\n\t\t\t<div class='gallery-icon landscape'>\n\t\t\t\t<a data-elementor-open-lightbox=\"yes\" data-elementor-lightbox-slideshow=\"d81798c\" data-elementor-lightbox-title=\"power_72\" data-e-action-hash=\"#elementor-action%3Aaction%3Dlightbox%26settings%3DeyJpZCI6MjA1NywidXJsIjoiaHR0cHM6XC9cL3d3dy5ha2t1c2hhbGljaWxpay5jb21cL3dwLWNvbnRlbnRcL3VwbG9hZHNcL3Bvd2VyXzcyLmpwZyIsInNsaWRlc2hvdyI6ImQ4MTc5OGMifQ%3D%3D\" href='https:\/\/www.akkushalicilik.com\/wp-content\/uploads\/power_72.jpg'><img decoding=\"async\" width=\"150\" height=\"150\" src=\"https:\/\/www.akkushalicilik.com\/wp-content\/uploads\/power_72-150x150.jpg\" class=\"attachment-thumbnail size-thumbnail\" alt=\"\" srcset=\"https:\/\/www.akkushalicilik.com\/wp-content\/uploads\/power_72-150x150.jpg 150w, https:\/\/www.akkushalicilik.com\/wp-content\/uploads\/power_72-100x100.jpg 100w, https:\/\/www.akkushalicilik.com\/wp-content\/uploads\/power_72.jpg 270w\" sizes=\"(max-width: 150px) 100vw, 150px\" \/><\/a>\n\t\t\t<\/div><\/figure><figure class='gallery-item'>\n\t\t\t<div class='gallery-icon landscape'>\n\t\t\t\t<a data-elementor-open-lightbox=\"yes\" data-elementor-lightbox-slideshow=\"d81798c\" data-elementor-lightbox-title=\"power_74\" data-e-action-hash=\"#elementor-action%3Aaction%3Dlightbox%26settings%3DeyJpZCI6MjA1OCwidXJsIjoiaHR0cHM6XC9cL3d3dy5ha2t1c2hhbGljaWxpay5jb21cL3dwLWNvbnRlbnRcL3VwbG9hZHNcL3Bvd2VyXzc0LmpwZyIsInNsaWRlc2hvdyI6ImQ4MTc5OGMifQ%3D%3D\" href='https:\/\/www.akkushalicilik.com\/wp-content\/uploads\/power_74.jpg'><img loading=\"lazy\" decoding=\"async\" width=\"150\" height=\"150\" src=\"https:\/\/www.akkushalicilik.com\/wp-content\/uploads\/power_74-150x150.jpg\" class=\"attachment-thumbnail size-thumbnail\" alt=\"\" srcset=\"https:\/\/www.akkushalicilik.com\/wp-content\/uploads\/power_74-150x150.jpg 150w, https:\/\/www.akkushalicilik.com\/wp-content\/uploads\/power_74-100x100.jpg 100w, https:\/\/www.akkushalicilik.com\/wp-content\/uploads\/power_74.jpg 270w\" sizes=\"(max-width: 150px) 100vw, 150px\" \/><\/a>\n\t\t\t<\/div><\/figure><figure class='gallery-item'>\n\t\t\t<div class='gallery-icon landscape'>\n\t\t\t\t<a data-elementor-open-lightbox=\"yes\" data-elementor-lightbox-slideshow=\"d81798c\" data-elementor-lightbox-title=\"power_63\" data-e-action-hash=\"#elementor-action%3Aaction%3Dlightbox%26settings%3DeyJpZCI6MjA1OSwidXJsIjoiaHR0cHM6XC9cL3d3dy5ha2t1c2hhbGljaWxpay5jb21cL3dwLWNvbnRlbnRcL3VwbG9hZHNcL3Bvd2VyXzYzLmpwZyIsInNsaWRlc2hvdyI6ImQ4MTc5OGMifQ%3D%3D\" href='https:\/\/www.akkushalicilik.com\/wp-content\/uploads\/power_63.jpg'><img loading=\"lazy\" decoding=\"async\" width=\"150\" height=\"150\" src=\"https:\/\/www.akkushalicilik.com\/wp-content\/uploads\/power_63-150x150.jpg\" class=\"attachment-thumbnail size-thumbnail\" alt=\"\" srcset=\"https:\/\/www.akkushalicilik.com\/wp-content\/uploads\/power_63-150x150.jpg 150w, https:\/\/www.akkushalicilik.com\/wp-content\/uploads\/power_63-100x100.jpg 100w, https:\/\/www.akkushalicilik.com\/wp-content\/uploads\/power_63.jpg 270w\" sizes=\"(max-width: 150px) 100vw, 150px\" \/><\/a>\n\t\t\t<\/div><\/figure><figure class='gallery-item'>\n\t\t\t<div class='gallery-icon landscape'>\n\t\t\t\t<a data-elementor-open-lightbox=\"yes\" data-elementor-lightbox-slideshow=\"d81798c\" data-elementor-lightbox-title=\"power_70\" data-e-action-hash=\"#elementor-action%3Aaction%3Dlightbox%26settings%3DeyJpZCI6MjA2MCwidXJsIjoiaHR0cHM6XC9cL3d3dy5ha2t1c2hhbGljaWxpay5jb21cL3dwLWNvbnRlbnRcL3VwbG9hZHNcL3Bvd2VyXzcwLmpwZyIsInNsaWRlc2hvdyI6ImQ4MTc5OGMifQ%3D%3D\" href='https:\/\/www.akkushalicilik.com\/wp-content\/uploads\/power_70.jpg'><img loading=\"lazy\" decoding=\"async\" width=\"150\" height=\"150\" src=\"https:\/\/www.akkushalicilik.com\/wp-content\/uploads\/power_70-150x150.jpg\" class=\"attachment-thumbnail size-thumbnail\" alt=\"\" srcset=\"https:\/\/www.akkushalicilik.com\/wp-content\/uploads\/power_70-150x150.jpg 150w, https:\/\/www.akkushalicilik.com\/wp-content\/uploads\/power_70-100x100.jpg 100w, https:\/\/www.akkushalicilik.com\/wp-content\/uploads\/power_70.jpg 270w\" sizes=\"(max-width: 150px) 100vw, 150px\" \/><\/a>\n\t\t\t<\/div><\/figure><figure class='gallery-item'>\n\t\t\t<div class='gallery-icon landscape'>\n\t\t\t\t<a data-elementor-open-lightbox=\"yes\" data-elementor-lightbox-slideshow=\"d81798c\" data-elementor-lightbox-title=\"power_60\" data-e-action-hash=\"#elementor-action%3Aaction%3Dlightbox%26settings%3DeyJpZCI6MjA2MSwidXJsIjoiaHR0cHM6XC9cL3d3dy5ha2t1c2hhbGljaWxpay5jb21cL3dwLWNvbnRlbnRcL3VwbG9hZHNcL3Bvd2VyXzYwLmpwZyIsInNsaWRlc2hvdyI6ImQ4MTc5OGMifQ%3D%3D\" href='https:\/\/www.akkushalicilik.com\/wp-content\/uploads\/power_60.jpg'><img loading=\"lazy\" decoding=\"async\" width=\"150\" height=\"150\" src=\"https:\/\/www.akkushalicilik.com\/wp-content\/uploads\/power_60-150x150.jpg\" class=\"attachment-thumbnail size-thumbnail\" alt=\"\" srcset=\"https:\/\/www.akkushalicilik.com\/wp-content\/uploads\/power_60-150x150.jpg 150w, https:\/\/www.akkushalicilik.com\/wp-content\/uploads\/power_60-100x100.jpg 100w, https:\/\/www.akkushalicilik.com\/wp-content\/uploads\/power_60.jpg 270w\" sizes=\"(max-width: 150px) 100vw, 150px\" \/><\/a>\n\t\t\t<\/div><\/figure><figure class='gallery-item'>\n\t\t\t<div class='gallery-icon landscape'>\n\t\t\t\t<a data-elementor-open-lightbox=\"yes\" data-elementor-lightbox-slideshow=\"d81798c\" data-elementor-lightbox-title=\"power_62\" data-e-action-hash=\"#elementor-action%3Aaction%3Dlightbox%26settings%3DeyJpZCI6MjA2MiwidXJsIjoiaHR0cHM6XC9cL3d3dy5ha2t1c2hhbGljaWxpay5jb21cL3dwLWNvbnRlbnRcL3VwbG9hZHNcL3Bvd2VyXzYyLmpwZyIsInNsaWRlc2hvdyI6ImQ4MTc5OGMifQ%3D%3D\" href='https:\/\/www.akkushalicilik.com\/wp-content\/uploads\/power_62.jpg'><img loading=\"lazy\" decoding=\"async\" width=\"150\" height=\"150\" src=\"https:\/\/www.akkushalicilik.com\/wp-content\/uploads\/power_62-150x150.jpg\" class=\"attachment-thumbnail size-thumbnail\" alt=\"\" srcset=\"https:\/\/www.akkushalicilik.com\/wp-content\/uploads\/power_62-150x150.jpg 150w, https:\/\/www.akkushalicilik.com\/wp-content\/uploads\/power_62-100x100.jpg 100w, https:\/\/www.akkushalicilik.com\/wp-content\/uploads\/power_62.jpg 270w\" sizes=\"(max-width: 150px) 100vw, 150px\" \/><\/a>\n\t\t\t<\/div><\/figure><figure class='gallery-item'>\n\t\t\t<div class='gallery-icon landscape'>\n\t\t\t\t<a data-elementor-open-lightbox=\"yes\" data-elementor-lightbox-slideshow=\"d81798c\" data-elementor-lightbox-title=\"power_52\" data-e-action-hash=\"#elementor-action%3Aaction%3Dlightbox%26settings%3DeyJpZCI6MjA2MywidXJsIjoiaHR0cHM6XC9cL3d3dy5ha2t1c2hhbGljaWxpay5jb21cL3dwLWNvbnRlbnRcL3VwbG9hZHNcL3Bvd2VyXzUyLmpwZyIsInNsaWRlc2hvdyI6ImQ4MTc5OGMifQ%3D%3D\" href='https:\/\/www.akkushalicilik.com\/wp-content\/uploads\/power_52.jpg'><img loading=\"lazy\" decoding=\"async\" width=\"150\" height=\"150\" src=\"https:\/\/www.akkushalicilik.com\/wp-content\/uploads\/power_52-150x150.jpg\" class=\"attachment-thumbnail size-thumbnail\" alt=\"\" srcset=\"https:\/\/www.akkushalicilik.com\/wp-content\/uploads\/power_52-150x150.jpg 150w, https:\/\/www.akkushalicilik.com\/wp-content\/uploads\/power_52-100x100.jpg 100w, https:\/\/www.akkushalicilik.com\/wp-content\/uploads\/power_52.jpg 270w\" sizes=\"(max-width: 150px) 100vw, 150px\" \/><\/a>\n\t\t\t<\/div><\/figure><figure class='gallery-item'>\n\t\t\t<div class='gallery-icon landscape'>\n\t\t\t\t<a data-elementor-open-lightbox=\"yes\" data-elementor-lightbox-slideshow=\"d81798c\" data-elementor-lightbox-title=\"power_53\" data-e-action-hash=\"#elementor-action%3Aaction%3Dlightbox%26settings%3DeyJpZCI6MjA2NCwidXJsIjoiaHR0cHM6XC9cL3d3dy5ha2t1c2hhbGljaWxpay5jb21cL3dwLWNvbnRlbnRcL3VwbG9hZHNcL3Bvd2VyXzUzLmpwZyIsInNsaWRlc2hvdyI6ImQ4MTc5OGMifQ%3D%3D\" href='https:\/\/www.akkushalicilik.com\/wp-content\/uploads\/power_53.jpg'><img loading=\"lazy\" decoding=\"async\" width=\"150\" height=\"150\" src=\"https:\/\/www.akkushalicilik.com\/wp-content\/uploads\/power_53-150x150.jpg\" class=\"attachment-thumbnail size-thumbnail\" alt=\"\" srcset=\"https:\/\/www.akkushalicilik.com\/wp-content\/uploads\/power_53-150x150.jpg 150w, https:\/\/www.akkushalicilik.com\/wp-content\/uploads\/power_53-100x100.jpg 100w, https:\/\/www.akkushalicilik.com\/wp-content\/uploads\/power_53.jpg 270w\" sizes=\"(max-width: 150px) 100vw, 150px\" \/><\/a>\n\t\t\t<\/div><\/figure><figure class='gallery-item'>\n\t\t\t<div class='gallery-icon landscape'>\n\t\t\t\t<a data-elementor-open-lightbox=\"yes\" data-elementor-lightbox-slideshow=\"d81798c\" data-elementor-lightbox-title=\"power_43\" data-e-action-hash=\"#elementor-action%3Aaction%3Dlightbox%26settings%3DeyJpZCI6MjA2NSwidXJsIjoiaHR0cHM6XC9cL3d3dy5ha2t1c2hhbGljaWxpay5jb21cL3dwLWNvbnRlbnRcL3VwbG9hZHNcL3Bvd2VyXzQzLmpwZyIsInNsaWRlc2hvdyI6ImQ4MTc5OGMifQ%3D%3D\" href='https:\/\/www.akkushalicilik.com\/wp-content\/uploads\/power_43.jpg'><img loading=\"lazy\" decoding=\"async\" width=\"150\" height=\"150\" src=\"https:\/\/www.akkushalicilik.com\/wp-content\/uploads\/power_43-150x150.jpg\" class=\"attachment-thumbnail size-thumbnail\" alt=\"\" srcset=\"https:\/\/www.akkushalicilik.com\/wp-content\/uploads\/power_43-150x150.jpg 150w, https:\/\/www.akkushalicilik.com\/wp-content\/uploads\/power_43-100x100.jpg 100w, https:\/\/www.akkushalicilik.com\/wp-content\/uploads\/power_43.jpg 270w\" sizes=\"(max-width: 150px) 100vw, 150px\" \/><\/a>\n\t\t\t<\/div><\/figure><figure class='gallery-item'>\n\t\t\t<div class='gallery-icon landscape'>\n\t\t\t\t<a data-elementor-open-lightbox=\"yes\" data-elementor-lightbox-slideshow=\"d81798c\" data-elementor-lightbox-title=\"power_50\" data-e-action-hash=\"#elementor-action%3Aaction%3Dlightbox%26settings%3DeyJpZCI6MjA2NiwidXJsIjoiaHR0cHM6XC9cL3d3dy5ha2t1c2hhbGljaWxpay5jb21cL3dwLWNvbnRlbnRcL3VwbG9hZHNcL3Bvd2VyXzUwLmpwZyIsInNsaWRlc2hvdyI6ImQ4MTc5OGMifQ%3D%3D\" href='https:\/\/www.akkushalicilik.com\/wp-content\/uploads\/power_50.jpg'><img loading=\"lazy\" decoding=\"async\" width=\"150\" height=\"150\" src=\"https:\/\/www.akkushalicilik.com\/wp-content\/uploads\/power_50-150x150.jpg\" class=\"attachment-thumbnail size-thumbnail\" alt=\"\" srcset=\"https:\/\/www.akkushalicilik.com\/wp-content\/uploads\/power_50-150x150.jpg 150w, https:\/\/www.akkushalicilik.com\/wp-content\/uploads\/power_50-100x100.jpg 100w, https:\/\/www.akkushalicilik.com\/wp-content\/uploads\/power_50.jpg 270w\" sizes=\"(max-width: 150px) 100vw, 150px\" \/><\/a>\n\t\t\t<\/div><\/figure><figure class='gallery-item'>\n\t\t\t<div class='gallery-icon landscape'>\n\t\t\t\t<a data-elementor-open-lightbox=\"yes\" data-elementor-lightbox-slideshow=\"d81798c\" data-elementor-lightbox-title=\"power_32\" data-e-action-hash=\"#elementor-action%3Aaction%3Dlightbox%26settings%3DeyJpZCI6MjA2NywidXJsIjoiaHR0cHM6XC9cL3d3dy5ha2t1c2hhbGljaWxpay5jb21cL3dwLWNvbnRlbnRcL3VwbG9hZHNcL3Bvd2VyXzMyLmpwZyIsInNsaWRlc2hvdyI6ImQ4MTc5OGMifQ%3D%3D\" href='https:\/\/www.akkushalicilik.com\/wp-content\/uploads\/power_32.jpg'><img loading=\"lazy\" decoding=\"async\" width=\"150\" height=\"150\" src=\"https:\/\/www.akkushalicilik.com\/wp-content\/uploads\/power_32-150x150.jpg\" class=\"attachment-thumbnail size-thumbnail\" alt=\"\" srcset=\"https:\/\/www.akkushalicilik.com\/wp-content\/uploads\/power_32-150x150.jpg 150w, https:\/\/www.akkushalicilik.com\/wp-content\/uploads\/power_32-100x100.jpg 100w, https:\/\/www.akkushalicilik.com\/wp-content\/uploads\/power_32.jpg 270w\" sizes=\"(max-width: 150px) 100vw, 150px\" \/><\/a>\n\t\t\t<\/div><\/figure><figure class='gallery-item'>\n\t\t\t<div class='gallery-icon landscape'>\n\t\t\t\t<a data-elementor-open-lightbox=\"yes\" data-elementor-lightbox-slideshow=\"d81798c\" data-elementor-lightbox-title=\"power_42\" data-e-action-hash=\"#elementor-action%3Aaction%3Dlightbox%26settings%3DeyJpZCI6MjA2OCwidXJsIjoiaHR0cHM6XC9cL3d3dy5ha2t1c2hhbGljaWxpay5jb21cL3dwLWNvbnRlbnRcL3VwbG9hZHNcL3Bvd2VyXzQyLmpwZyIsInNsaWRlc2hvdyI6ImQ4MTc5OGMifQ%3D%3D\" href='https:\/\/www.akkushalicilik.com\/wp-content\/uploads\/power_42.jpg'><img loading=\"lazy\" decoding=\"async\" width=\"150\" height=\"150\" src=\"https:\/\/www.akkushalicilik.com\/wp-content\/uploads\/power_42-150x150.jpg\" class=\"attachment-thumbnail size-thumbnail\" alt=\"\" srcset=\"https:\/\/www.akkushalicilik.com\/wp-content\/uploads\/power_42-150x150.jpg 150w, https:\/\/www.akkushalicilik.com\/wp-content\/uploads\/power_42-100x100.jpg 100w, https:\/\/www.akkushalicilik.com\/wp-content\/uploads\/power_42.jpg 270w\" sizes=\"(max-width: 150px) 100vw, 150px\" \/><\/a>\n\t\t\t<\/div><\/figure><figure class='gallery-item'>\n\t\t\t<div class='gallery-icon landscape'>\n\t\t\t\t<a data-elementor-open-lightbox=\"yes\" data-elementor-lightbox-slideshow=\"d81798c\" data-elementor-lightbox-title=\"power_30\" data-e-action-hash=\"#elementor-action%3Aaction%3Dlightbox%26settings%3DeyJpZCI6MjA2OSwidXJsIjoiaHR0cHM6XC9cL3d3dy5ha2t1c2hhbGljaWxpay5jb21cL3dwLWNvbnRlbnRcL3VwbG9hZHNcL3Bvd2VyXzMwLmpwZyIsInNsaWRlc2hvdyI6ImQ4MTc5OGMifQ%3D%3D\" href='https:\/\/www.akkushalicilik.com\/wp-content\/uploads\/power_30.jpg'><img loading=\"lazy\" decoding=\"async\" width=\"150\" height=\"150\" src=\"https:\/\/www.akkushalicilik.com\/wp-content\/uploads\/power_30-150x150.jpg\" class=\"attachment-thumbnail size-thumbnail\" alt=\"\" srcset=\"https:\/\/www.akkushalicilik.com\/wp-content\/uploads\/power_30-150x150.jpg 150w, https:\/\/www.akkushalicilik.com\/wp-content\/uploads\/power_30-100x100.jpg 100w, https:\/\/www.akkushalicilik.com\/wp-content\/uploads\/power_30.jpg 270w\" sizes=\"(max-width: 150px) 100vw, 150px\" \/><\/a>\n\t\t\t<\/div><\/figure>\n\t\t<\/div>\n\t\t<\/div>\n\t\t\t\t\t\t<\/div>\n\t\t\t\t<\/div>\n\t\t\t\t\t<\/div>\n\t\t<\/div>\n\t\t\t\t\t<\/div>\n\t\t<\/section>\n\t\t\t\t<\/div>\n\t\t","protected":false},"excerpt":{"rendered":"<p><span style=\"font-family: var(--global-body-font-family);\">\u00c7elik<\/span><span style=\"font-family: var(--global-body-font-family);\">\u00a0<\/span><span style=\"font-family: var(--global-body-font-family);\">Taban Kontrat Yolluklar<\/span><\/p>\n","protected":false},"featured_media":2052,"template":"","meta":{"_kad_post_transparent":"default","_kad_post_title":"","_kad_post_layout":"default","_kad_post_sidebar_id":"","_kad_post_content_style":"default","_kad_post_vertical_padding":"default","_kad_post_feature":"","_kad_post_feature_position":"","_kad_post_header":false,"_kad_post_footer":false,"_kad_post_classname":""},"product_brand":[],"product_cat":[20],"product_tag":[],"class_list":{"0":"post-2051","1":"product","2":"type-product","3":"status-publish","4":"has-post-thumbnail","6":"product_cat-vebe","8":"first","9":"instock","10":"featured","11":"shipping-taxable","12":"product-type-simple","13":"entry","14":"content-bg","15":"loop-entry"},"jetpack_sharing_enabled":true,"_links":{"self":[{"href":"https:\/\/www.akkushalicilik.com\/index.php?rest_route=\/wp\/v2\/product\/2051","targetHints":{"allow":["GET"]}}],"collection":[{"href":"https:\/\/www.akkushalicilik.com\/index.php?rest_route=\/wp\/v2\/product"}],"about":[{"href":"https:\/\/www.akkushalicilik.com\/index.php?rest_route=\/wp\/v2\/types\/product"}],"version-history":[{"count":5,"href":"https:\/\/www.akkushalicilik.com\/index.php?rest_route=\/wp\/v2\/product\/2051\/revisions"}],"predecessor-version":[{"id":2073,"href":"https:\/\/www.akkushalicilik.com\/index.php?rest_route=\/wp\/v2\/product\/2051\/revisions\/2073"}],"wp:featuredmedia":[{"embeddable":true,"href":"https:\/\/www.akkushalicilik.com\/index.php?rest_route=\/wp\/v2\/media\/2052"}],"wp:attachment":[{"href":"https:\/\/www.akkushalicilik.com\/index.php?rest_route=%2Fwp%2Fv2%2Fmedia&parent=2051"}],"wp:term":[{"taxonomy":"product_brand","embeddable":true,"href":"https:\/\/www.akkushalicilik.com\/index.php?rest_route=%2Fwp%2Fv2%2Fproduct_brand&post=2051"},{"taxonomy":"product_cat","embeddable":true,"href":"https:\/\/www.akkushalicilik.com\/index.php?rest_route=%2Fwp%2Fv2%2Fproduct_cat&post=2051"},{"taxonomy":"product_tag","embeddable":true,"href":"https:\/\/www.akkushalicilik.com\/index.php?rest_route=%2Fwp%2Fv2%2Fproduct_tag&post=2051"}],"curies":[{"name":"wp","href":"https:\/\/api.w.org\/{rel}","templated":true}]}}