{"id":2310,"date":"2022-03-16T12:55:10","date_gmt":"2022-03-16T09:55:10","guid":{"rendered":"https:\/\/www.akkushalicilik.com\/?post_type=product&#038;p=2310"},"modified":"2022-03-16T13:01:33","modified_gmt":"2022-03-16T10:01:33","slug":"celik-halilar","status":"publish","type":"product","link":"https:\/\/www.akkushalicilik.com\/?product=celik-halilar","title":{"rendered":"\u00c7elik Hal\u0131lar"},"content":{"rendered":"\t\t<div data-elementor-type=\"wp-post\" data-elementor-id=\"2310\" class=\"elementor elementor-2310\">\n\t\t\t\t\t\t<section class=\"elementor-section elementor-top-section elementor-element elementor-element-371f9e2 elementor-section-boxed elementor-section-height-default elementor-section-height-default\" data-id=\"371f9e2\" data-element_type=\"section\" data-e-type=\"section\">\n\t\t\t\t\t\t<div class=\"elementor-container elementor-column-gap-default\">\n\t\t\t\t\t<div class=\"elementor-column elementor-col-100 elementor-top-column elementor-element elementor-element-171e9606\" data-id=\"171e9606\" data-element_type=\"column\" data-e-type=\"column\">\n\t\t\t<div class=\"elementor-widget-wrap elementor-element-populated\">\n\t\t\t\t\t\t<div class=\"elementor-element elementor-element-40c039e0 elementor-widget elementor-widget-text-editor\" data-id=\"40c039e0\" data-element_type=\"widget\" data-e-type=\"widget\" data-widget_type=\"text-editor.default\">\n\t\t\t\t<div class=\"elementor-widget-container\">\n\t\t\t\t\t\t\t\t\t<p>Hav Malzemesi \/ %100 PA6\u00a0 \u00a0<br \/>Toplam A\u011f\u0131rl\u0131k \/ 3.650 g\/m\u00b2<br \/>Taban \/ BT<br \/>Ebatlar \/ (cm)\u00a0 50&#215;50<\/p><p>\u00a0<\/p>\t\t\t\t\t\t\t\t<\/div>\n\t\t\t\t<\/div>\n\t\t\t\t\t<\/div>\n\t\t<\/div>\n\t\t\t\t\t<\/div>\n\t\t<\/section>\n\t\t\t\t<section class=\"elementor-section elementor-top-section elementor-element elementor-element-76b7922 elementor-section-boxed elementor-section-height-default elementor-section-height-default\" data-id=\"76b7922\" data-element_type=\"section\" data-e-type=\"section\">\n\t\t\t\t\t\t<div class=\"elementor-container elementor-column-gap-default\">\n\t\t\t\t\t<div class=\"elementor-column elementor-col-100 elementor-top-column elementor-element elementor-element-c995548\" data-id=\"c995548\" data-element_type=\"column\" data-e-type=\"column\">\n\t\t\t<div class=\"elementor-widget-wrap elementor-element-populated\">\n\t\t\t\t\t\t<div class=\"elementor-element elementor-element-d81798c elementor-widget elementor-widget-image-gallery\" data-id=\"d81798c\" data-element_type=\"widget\" data-e-type=\"widget\" data-widget_type=\"image-gallery.default\">\n\t\t\t\t<div class=\"elementor-widget-container\">\n\t\t\t\t\t\t\t<div class=\"elementor-image-gallery\">\n\t\t\t<div id='gallery-1' class='gallery galleryid-2310 gallery-columns-3 gallery-size-thumbnail'><figure class='gallery-item'>\n\t\t\t<div class='gallery-icon landscape'>\n\t\t\t\t<a data-elementor-open-lightbox=\"yes\" data-elementor-lightbox-slideshow=\"d81798c\" data-elementor-lightbox-title=\"kampen5\" data-e-action-hash=\"#elementor-action%3Aaction%3Dlightbox%26settings%3DeyJpZCI6MjMxMywidXJsIjoiaHR0cHM6XC9cL3d3dy5ha2t1c2hhbGljaWxpay5jb21cL3dwLWNvbnRlbnRcL3VwbG9hZHNcL2thbXBlbjUucG5nIiwic2xpZGVzaG93IjoiZDgxNzk4YyJ9\" href='https:\/\/www.akkushalicilik.com\/wp-content\/uploads\/kampen5.png'><img decoding=\"async\" width=\"150\" height=\"150\" src=\"https:\/\/www.akkushalicilik.com\/wp-content\/uploads\/kampen5-150x150.png\" class=\"attachment-thumbnail size-thumbnail\" alt=\"\" srcset=\"https:\/\/www.akkushalicilik.com\/wp-content\/uploads\/kampen5-150x150.png 150w, https:\/\/www.akkushalicilik.com\/wp-content\/uploads\/kampen5-100x100.png 100w\" sizes=\"(max-width: 150px) 100vw, 150px\" \/><\/a>\n\t\t\t<\/div><\/figure><figure class='gallery-item'>\n\t\t\t<div class='gallery-icon landscape'>\n\t\t\t\t<a data-elementor-open-lightbox=\"yes\" data-elementor-lightbox-slideshow=\"d81798c\" data-elementor-lightbox-title=\"kampen_NOP-40\" data-e-action-hash=\"#elementor-action%3Aaction%3Dlightbox%26settings%3DeyJpZCI6MjMxNCwidXJsIjoiaHR0cHM6XC9cL3d3dy5ha2t1c2hhbGljaWxpay5jb21cL3dwLWNvbnRlbnRcL3VwbG9hZHNcL2thbXBlbl9OT1AtNDAuanBnIiwic2xpZGVzaG93IjoiZDgxNzk4YyJ9\" href='https:\/\/www.akkushalicilik.com\/wp-content\/uploads\/kampen_NOP-40.jpg'><img decoding=\"async\" width=\"150\" height=\"150\" src=\"https:\/\/www.akkushalicilik.com\/wp-content\/uploads\/kampen_NOP-40-150x150.jpg\" class=\"attachment-thumbnail size-thumbnail\" alt=\"\" srcset=\"https:\/\/www.akkushalicilik.com\/wp-content\/uploads\/kampen_NOP-40-150x150.jpg 150w, https:\/\/www.akkushalicilik.com\/wp-content\/uploads\/kampen_NOP-40-100x100.jpg 100w\" sizes=\"(max-width: 150px) 100vw, 150px\" \/><\/a>\n\t\t\t<\/div><\/figure><figure class='gallery-item'>\n\t\t\t<div class='gallery-icon landscape'>\n\t\t\t\t<a data-elementor-open-lightbox=\"yes\" data-elementor-lightbox-slideshow=\"d81798c\" data-elementor-lightbox-title=\"kampen_NOP-50\" data-e-action-hash=\"#elementor-action%3Aaction%3Dlightbox%26settings%3DeyJpZCI6MjMxNSwidXJsIjoiaHR0cHM6XC9cL3d3dy5ha2t1c2hhbGljaWxpay5jb21cL3dwLWNvbnRlbnRcL3VwbG9hZHNcL2thbXBlbl9OT1AtNTAuanBnIiwic2xpZGVzaG93IjoiZDgxNzk4YyJ9\" href='https:\/\/www.akkushalicilik.com\/wp-content\/uploads\/kampen_NOP-50.jpg'><img decoding=\"async\" width=\"150\" height=\"150\" src=\"https:\/\/www.akkushalicilik.com\/wp-content\/uploads\/kampen_NOP-50-150x150.jpg\" class=\"attachment-thumbnail size-thumbnail\" alt=\"\" srcset=\"https:\/\/www.akkushalicilik.com\/wp-content\/uploads\/kampen_NOP-50-150x150.jpg 150w, https:\/\/www.akkushalicilik.com\/wp-content\/uploads\/kampen_NOP-50-100x100.jpg 100w\" sizes=\"(max-width: 150px) 100vw, 150px\" \/><\/a>\n\t\t\t<\/div><\/figure><figure class='gallery-item'>\n\t\t\t<div class='gallery-icon landscape'>\n\t\t\t\t<a data-elementor-open-lightbox=\"yes\" data-elementor-lightbox-slideshow=\"d81798c\" data-elementor-lightbox-title=\"kampen_RIP-40\" data-e-action-hash=\"#elementor-action%3Aaction%3Dlightbox%26settings%3DeyJpZCI6MjMxNiwidXJsIjoiaHR0cHM6XC9cL3d3dy5ha2t1c2hhbGljaWxpay5jb21cL3dwLWNvbnRlbnRcL3VwbG9hZHNcL2thbXBlbl9SSVAtNDAuanBnIiwic2xpZGVzaG93IjoiZDgxNzk4YyJ9\" href='https:\/\/www.akkushalicilik.com\/wp-content\/uploads\/kampen_RIP-40.jpg'><img loading=\"lazy\" decoding=\"async\" width=\"150\" height=\"150\" src=\"https:\/\/www.akkushalicilik.com\/wp-content\/uploads\/kampen_RIP-40-150x150.jpg\" class=\"attachment-thumbnail size-thumbnail\" alt=\"\" srcset=\"https:\/\/www.akkushalicilik.com\/wp-content\/uploads\/kampen_RIP-40-150x150.jpg 150w, https:\/\/www.akkushalicilik.com\/wp-content\/uploads\/kampen_RIP-40-100x100.jpg 100w\" sizes=\"(max-width: 150px) 100vw, 150px\" \/><\/a>\n\t\t\t<\/div><\/figure><figure class='gallery-item'>\n\t\t\t<div class='gallery-icon landscape'>\n\t\t\t\t<a data-elementor-open-lightbox=\"yes\" data-elementor-lightbox-slideshow=\"d81798c\" data-elementor-lightbox-title=\"kampen_RIP-50\" data-e-action-hash=\"#elementor-action%3Aaction%3Dlightbox%26settings%3DeyJpZCI6MjMxNywidXJsIjoiaHR0cHM6XC9cL3d3dy5ha2t1c2hhbGljaWxpay5jb21cL3dwLWNvbnRlbnRcL3VwbG9hZHNcL2thbXBlbl9SSVAtNTAuanBnIiwic2xpZGVzaG93IjoiZDgxNzk4YyJ9\" href='https:\/\/www.akkushalicilik.com\/wp-content\/uploads\/kampen_RIP-50.jpg'><img loading=\"lazy\" decoding=\"async\" width=\"150\" height=\"150\" src=\"https:\/\/www.akkushalicilik.com\/wp-content\/uploads\/kampen_RIP-50-150x150.jpg\" class=\"attachment-thumbnail size-thumbnail\" alt=\"\" srcset=\"https:\/\/www.akkushalicilik.com\/wp-content\/uploads\/kampen_RIP-50-150x150.jpg 150w, https:\/\/www.akkushalicilik.com\/wp-content\/uploads\/kampen_RIP-50-100x100.jpg 100w\" sizes=\"(max-width: 150px) 100vw, 150px\" \/><\/a>\n\t\t\t<\/div><\/figure><figure class='gallery-item'>\n\t\t\t<div class='gallery-icon landscape'>\n\t\t\t\t<a data-elementor-open-lightbox=\"yes\" data-elementor-lightbox-slideshow=\"d81798c\" data-elementor-lightbox-title=\"kampen_RIP-60\" data-e-action-hash=\"#elementor-action%3Aaction%3Dlightbox%26settings%3DeyJpZCI6MjMxOCwidXJsIjoiaHR0cHM6XC9cL3d3dy5ha2t1c2hhbGljaWxpay5jb21cL3dwLWNvbnRlbnRcL3VwbG9hZHNcL2thbXBlbl9SSVAtNjAuanBnIiwic2xpZGVzaG93IjoiZDgxNzk4YyJ9\" href='https:\/\/www.akkushalicilik.com\/wp-content\/uploads\/kampen_RIP-60.jpg'><img loading=\"lazy\" decoding=\"async\" width=\"150\" height=\"150\" src=\"https:\/\/www.akkushalicilik.com\/wp-content\/uploads\/kampen_RIP-60-150x150.jpg\" class=\"attachment-thumbnail size-thumbnail\" alt=\"\" srcset=\"https:\/\/www.akkushalicilik.com\/wp-content\/uploads\/kampen_RIP-60-150x150.jpg 150w, https:\/\/www.akkushalicilik.com\/wp-content\/uploads\/kampen_RIP-60-800x800.jpg 800w, https:\/\/www.akkushalicilik.com\/wp-content\/uploads\/kampen_RIP-60-100x100.jpg 100w\" sizes=\"(max-width: 150px) 100vw, 150px\" \/><\/a>\n\t\t\t<\/div><\/figure><figure class='gallery-item'>\n\t\t\t<div class='gallery-icon landscape'>\n\t\t\t\t<a data-elementor-open-lightbox=\"yes\" data-elementor-lightbox-slideshow=\"d81798c\" data-elementor-lightbox-title=\"kampen_RIP-70\" data-e-action-hash=\"#elementor-action%3Aaction%3Dlightbox%26settings%3DeyJpZCI6MjMxOSwidXJsIjoiaHR0cHM6XC9cL3d3dy5ha2t1c2hhbGljaWxpay5jb21cL3dwLWNvbnRlbnRcL3VwbG9hZHNcL2thbXBlbl9SSVAtNzAuanBnIiwic2xpZGVzaG93IjoiZDgxNzk4YyJ9\" href='https:\/\/www.akkushalicilik.com\/wp-content\/uploads\/kampen_RIP-70.jpg'><img loading=\"lazy\" decoding=\"async\" width=\"150\" height=\"150\" src=\"https:\/\/www.akkushalicilik.com\/wp-content\/uploads\/kampen_RIP-70-150x150.jpg\" class=\"attachment-thumbnail size-thumbnail\" alt=\"\" srcset=\"https:\/\/www.akkushalicilik.com\/wp-content\/uploads\/kampen_RIP-70-150x150.jpg 150w, https:\/\/www.akkushalicilik.com\/wp-content\/uploads\/kampen_RIP-70-800x800.jpg 800w, https:\/\/www.akkushalicilik.com\/wp-content\/uploads\/kampen_RIP-70-100x100.jpg 100w\" sizes=\"(max-width: 150px) 100vw, 150px\" \/><\/a>\n\t\t\t<\/div><\/figure><figure class='gallery-item'>\n\t\t\t<div class='gallery-icon portrait'>\n\t\t\t\t<a data-elementor-open-lightbox=\"yes\" data-elementor-lightbox-slideshow=\"d81798c\" data-elementor-lightbox-title=\"kampen1\" data-e-action-hash=\"#elementor-action%3Aaction%3Dlightbox%26settings%3DeyJpZCI6MjMyMSwidXJsIjoiaHR0cHM6XC9cL3d3dy5ha2t1c2hhbGljaWxpay5jb21cL3dwLWNvbnRlbnRcL3VwbG9hZHNcL2thbXBlbjEuanBnIiwic2xpZGVzaG93IjoiZDgxNzk4YyJ9\" href='https:\/\/www.akkushalicilik.com\/wp-content\/uploads\/kampen1.jpg'><img loading=\"lazy\" decoding=\"async\" width=\"150\" height=\"150\" src=\"https:\/\/www.akkushalicilik.com\/wp-content\/uploads\/kampen1-150x150.jpg\" class=\"attachment-thumbnail size-thumbnail\" alt=\"\" srcset=\"https:\/\/www.akkushalicilik.com\/wp-content\/uploads\/kampen1-150x150.jpg 150w, https:\/\/www.akkushalicilik.com\/wp-content\/uploads\/kampen1-797x800.jpg 797w, https:\/\/www.akkushalicilik.com\/wp-content\/uploads\/kampen1-100x100.jpg 100w\" sizes=\"(max-width: 150px) 100vw, 150px\" \/><\/a>\n\t\t\t<\/div><\/figure><figure class='gallery-item'>\n\t\t\t<div class='gallery-icon portrait'>\n\t\t\t\t<a data-elementor-open-lightbox=\"yes\" data-elementor-lightbox-slideshow=\"d81798c\" data-elementor-lightbox-title=\"kampen2\" data-e-action-hash=\"#elementor-action%3Aaction%3Dlightbox%26settings%3DeyJpZCI6MjMyMiwidXJsIjoiaHR0cHM6XC9cL3d3dy5ha2t1c2hhbGljaWxpay5jb21cL3dwLWNvbnRlbnRcL3VwbG9hZHNcL2thbXBlbjIuanBnIiwic2xpZGVzaG93IjoiZDgxNzk4YyJ9\" href='https:\/\/www.akkushalicilik.com\/wp-content\/uploads\/kampen2.jpg'><img loading=\"lazy\" decoding=\"async\" width=\"150\" height=\"150\" src=\"https:\/\/www.akkushalicilik.com\/wp-content\/uploads\/kampen2-150x150.jpg\" class=\"attachment-thumbnail size-thumbnail\" alt=\"\" srcset=\"https:\/\/www.akkushalicilik.com\/wp-content\/uploads\/kampen2-150x150.jpg 150w, https:\/\/www.akkushalicilik.com\/wp-content\/uploads\/kampen2-800x800.jpg 800w, https:\/\/www.akkushalicilik.com\/wp-content\/uploads\/kampen2-100x100.jpg 100w\" sizes=\"(max-width: 150px) 100vw, 150px\" \/><\/a>\n\t\t\t<\/div><\/figure><figure class='gallery-item'>\n\t\t\t<div class='gallery-icon portrait'>\n\t\t\t\t<a data-elementor-open-lightbox=\"yes\" data-elementor-lightbox-slideshow=\"d81798c\" data-elementor-lightbox-title=\"kampen4\" data-e-action-hash=\"#elementor-action%3Aaction%3Dlightbox%26settings%3DeyJpZCI6MjMyMywidXJsIjoiaHR0cHM6XC9cL3d3dy5ha2t1c2hhbGljaWxpay5jb21cL3dwLWNvbnRlbnRcL3VwbG9hZHNcL2thbXBlbjQuanBnIiwic2xpZGVzaG93IjoiZDgxNzk4YyJ9\" href='https:\/\/www.akkushalicilik.com\/wp-content\/uploads\/kampen4.jpg'><img loading=\"lazy\" decoding=\"async\" width=\"150\" height=\"150\" src=\"https:\/\/www.akkushalicilik.com\/wp-content\/uploads\/kampen4-150x150.jpg\" class=\"attachment-thumbnail size-thumbnail\" alt=\"\" srcset=\"https:\/\/www.akkushalicilik.com\/wp-content\/uploads\/kampen4-150x150.jpg 150w, https:\/\/www.akkushalicilik.com\/wp-content\/uploads\/kampen4-800x800.jpg 800w, https:\/\/www.akkushalicilik.com\/wp-content\/uploads\/kampen4-100x100.jpg 100w\" sizes=\"(max-width: 150px) 100vw, 150px\" \/><\/a>\n\t\t\t<\/div><\/figure>\n\t\t<\/div>\n\t\t<\/div>\n\t\t\t\t\t\t<\/div>\n\t\t\t\t<\/div>\n\t\t\t\t\t<\/div>\n\t\t<\/div>\n\t\t\t\t\t<\/div>\n\t\t<\/section>\n\t\t\t\t<\/div>\n\t\t","protected":false},"excerpt":{"rendered":"<p>Ara\u00e7 \u0130\u00e7i \u00c7elik Hal\u0131lar<\/p>\n","protected":false},"featured_media":2311,"template":"","meta":{"_kad_post_transparent":"default","_kad_post_title":"","_kad_post_layout":"default","_kad_post_sidebar_id":"","_kad_post_content_style":"default","_kad_post_vertical_padding":"default","_kad_post_feature":"","_kad_post_feature_position":"","_kad_post_header":false,"_kad_post_footer":false,"_kad_post_classname":""},"product_brand":[],"product_cat":[30],"product_tag":[],"class_list":{"0":"post-2310","1":"product","2":"type-product","3":"status-publish","4":"has-post-thumbnail","6":"product_cat-paspas","8":"first","9":"instock","10":"featured","11":"shipping-taxable","12":"product-type-simple","13":"entry","14":"content-bg","15":"loop-entry"},"jetpack_sharing_enabled":true,"_links":{"self":[{"href":"https:\/\/www.akkushalicilik.com\/index.php?rest_route=\/wp\/v2\/product\/2310","targetHints":{"allow":["GET"]}}],"collection":[{"href":"https:\/\/www.akkushalicilik.com\/index.php?rest_route=\/wp\/v2\/product"}],"about":[{"href":"https:\/\/www.akkushalicilik.com\/index.php?rest_route=\/wp\/v2\/types\/product"}],"version-history":[{"count":5,"href":"https:\/\/www.akkushalicilik.com\/index.php?rest_route=\/wp\/v2\/product\/2310\/revisions"}],"predecessor-version":[{"id":2327,"href":"https:\/\/www.akkushalicilik.com\/index.php?rest_route=\/wp\/v2\/product\/2310\/revisions\/2327"}],"wp:featuredmedia":[{"embeddable":true,"href":"https:\/\/www.akkushalicilik.com\/index.php?rest_route=\/wp\/v2\/media\/2311"}],"wp:attachment":[{"href":"https:\/\/www.akkushalicilik.com\/index.php?rest_route=%2Fwp%2Fv2%2Fmedia&parent=2310"}],"wp:term":[{"taxonomy":"product_brand","embeddable":true,"href":"https:\/\/www.akkushalicilik.com\/index.php?rest_route=%2Fwp%2Fv2%2Fproduct_brand&post=2310"},{"taxonomy":"product_cat","embeddable":true,"href":"https:\/\/www.akkushalicilik.com\/index.php?rest_route=%2Fwp%2Fv2%2Fproduct_cat&post=2310"},{"taxonomy":"product_tag","embeddable":true,"href":"https:\/\/www.akkushalicilik.com\/index.php?rest_route=%2Fwp%2Fv2%2Fproduct_tag&post=2310"}],"curies":[{"name":"wp","href":"https:\/\/api.w.org\/{rel}","templated":true}]}}