{"id":2405,"date":"2022-03-18T09:25:29","date_gmt":"2022-03-18T06:25:29","guid":{"rendered":"https:\/\/www.akkushalicilik.com\/?post_type=product&#038;p=2405"},"modified":"2022-03-18T10:09:46","modified_gmt":"2022-03-18T07:09:46","slug":"kivircik-paspas","status":"publish","type":"product","link":"https:\/\/www.akkushalicilik.com\/?product=kivircik-paspas","title":{"rendered":"K\u0131v\u0131rc\u0131k Paspas"},"content":{"rendered":"\t\t<div data-elementor-type=\"wp-post\" data-elementor-id=\"2405\" class=\"elementor elementor-2405\">\n\t\t\t\t\t\t<section class=\"elementor-section elementor-top-section elementor-element elementor-element-371f9e2 elementor-section-boxed elementor-section-height-default elementor-section-height-default\" data-id=\"371f9e2\" data-element_type=\"section\" data-e-type=\"section\">\n\t\t\t\t\t\t<div class=\"elementor-container elementor-column-gap-default\">\n\t\t\t\t\t<div class=\"elementor-column elementor-col-50 elementor-top-column elementor-element elementor-element-171e9606\" data-id=\"171e9606\" data-element_type=\"column\" data-e-type=\"column\">\n\t\t\t<div class=\"elementor-widget-wrap elementor-element-populated\">\n\t\t\t\t\t\t<div class=\"elementor-element elementor-element-40c039e0 elementor-widget elementor-widget-text-editor\" data-id=\"40c039e0\" data-element_type=\"widget\" data-e-type=\"widget\" data-widget_type=\"text-editor.default\">\n\t\t\t\t<div class=\"elementor-widget-container\">\n\t\t\t\t\t\t\t\t\t<h4>TEKN\u0130K \u00d6ZELL\u0130KLER<\/h4><p><span style=\"color: #ff0000;\">\u2666<\/span> So\u011fu\u011fa dayan\u0131kl\u0131 (-50c)<br \/><span style=\"color: #ff0000;\">\u2666<\/span> Alev geciktirici<br \/><span style=\"color: #ff0000;\">\u2666<\/span> Kolay temizlenebilme<br \/><span style=\"color: #ff0000;\">\u2666<\/span> Alt\u0131 a\u00e7\u0131k<br \/><span style=\"color: #ff0000;\">\u2666<\/span> %100 Polyvinilchlorur<br \/><span style=\"color: #ff0000;\">\u2666<\/span> Ayak taban\u0131n\u0131 rahatlatan esnek yap\u0131<br \/><span style=\"color: #ff0000;\">\u2666<\/span> Canl\u0131 renk kalitesi<br \/><span style=\"color: #ff0000;\">\u2666<\/span> 12mm, 14mm, 16mm kal\u0131nl\u0131k se\u00e7enekleri<br \/><span style=\"color: #ff0000;\">\u2666<\/span> 100cm ve 120 en se\u00e7enekleri<\/p>\t\t\t\t\t\t\t\t<\/div>\n\t\t\t\t<\/div>\n\t\t\t\t\t<\/div>\n\t\t<\/div>\n\t\t\t\t<div class=\"elementor-column elementor-col-50 elementor-top-column elementor-element elementor-element-5b65d7c\" data-id=\"5b65d7c\" data-element_type=\"column\" data-e-type=\"column\">\n\t\t\t<div class=\"elementor-widget-wrap elementor-element-populated\">\n\t\t\t\t\t\t<div class=\"elementor-element elementor-element-cdaafde elementor-widget elementor-widget-heading\" data-id=\"cdaafde\" data-element_type=\"widget\" data-e-type=\"widget\" data-widget_type=\"heading.default\">\n\t\t\t\t<div class=\"elementor-widget-container\">\n\t\t\t\t\t<h2 class=\"elementor-heading-title elementor-size-default\">Renk Se\u00e7enekleri<\/h2>\t\t\t\t<\/div>\n\t\t\t\t<\/div>\n\t\t\t\t<div class=\"elementor-element elementor-element-e8e370f elementor-position-inline-start elementor-view-default elementor-mobile-position-block-start elementor-widget elementor-widget-icon-box\" data-id=\"e8e370f\" data-element_type=\"widget\" data-e-type=\"widget\" data-widget_type=\"icon-box.default\">\n\t\t\t\t<div class=\"elementor-widget-container\">\n\t\t\t\t\t\t\t<div class=\"elementor-icon-box-wrapper\">\n\n\t\t\t\t\t\t<div class=\"elementor-icon-box-icon\">\n\t\t\t\t<span  class=\"elementor-icon\">\n\t\t\t\t<i aria-hidden=\"true\" class=\"fas fa-square\"><\/i>\t\t\t\t<\/span>\n\t\t\t<\/div>\n\t\t\t\n\t\t\t\t\t\t<div class=\"elementor-icon-box-content\">\n\n\t\t\t\t\t\t\t\t\t<h5 class=\"elementor-icon-box-title\">\n\t\t\t\t\t\t<span  >\n\t\t\t\t\t\t\tK\u0131rm\u0131z\u0131\t\t\t\t\t\t<\/span>\n\t\t\t\t\t<\/h5>\n\t\t\t\t\n\t\t\t\t\n\t\t\t<\/div>\n\t\t\t\n\t\t<\/div>\n\t\t\t\t\t\t<\/div>\n\t\t\t\t<\/div>\n\t\t\t\t<div class=\"elementor-element elementor-element-8749411 elementor-position-inline-start elementor-view-default elementor-mobile-position-block-start elementor-widget elementor-widget-icon-box\" data-id=\"8749411\" data-element_type=\"widget\" data-e-type=\"widget\" data-widget_type=\"icon-box.default\">\n\t\t\t\t<div class=\"elementor-widget-container\">\n\t\t\t\t\t\t\t<div class=\"elementor-icon-box-wrapper\">\n\n\t\t\t\t\t\t<div class=\"elementor-icon-box-icon\">\n\t\t\t\t<span  class=\"elementor-icon\">\n\t\t\t\t<i aria-hidden=\"true\" class=\"fas fa-square\"><\/i>\t\t\t\t<\/span>\n\t\t\t<\/div>\n\t\t\t\n\t\t\t\t\t\t<div class=\"elementor-icon-box-content\">\n\n\t\t\t\t\t\t\t\t\t<h5 class=\"elementor-icon-box-title\">\n\t\t\t\t\t\t<span  >\n\t\t\t\t\t\t\tYe\u015fil\t\t\t\t\t\t<\/span>\n\t\t\t\t\t<\/h5>\n\t\t\t\t\n\t\t\t\t\n\t\t\t<\/div>\n\t\t\t\n\t\t<\/div>\n\t\t\t\t\t\t<\/div>\n\t\t\t\t<\/div>\n\t\t\t\t<div class=\"elementor-element elementor-element-21b46c1 elementor-position-inline-start elementor-view-default elementor-mobile-position-block-start elementor-widget elementor-widget-icon-box\" data-id=\"21b46c1\" data-element_type=\"widget\" data-e-type=\"widget\" data-widget_type=\"icon-box.default\">\n\t\t\t\t<div class=\"elementor-widget-container\">\n\t\t\t\t\t\t\t<div class=\"elementor-icon-box-wrapper\">\n\n\t\t\t\t\t\t<div class=\"elementor-icon-box-icon\">\n\t\t\t\t<span  class=\"elementor-icon\">\n\t\t\t\t<i aria-hidden=\"true\" class=\"fas fa-square\"><\/i>\t\t\t\t<\/span>\n\t\t\t<\/div>\n\t\t\t\n\t\t\t\t\t\t<div class=\"elementor-icon-box-content\">\n\n\t\t\t\t\t\t\t\t\t<h5 class=\"elementor-icon-box-title\">\n\t\t\t\t\t\t<span  >\n\t\t\t\t\t\t\tGri\t\t\t\t\t\t<\/span>\n\t\t\t\t\t<\/h5>\n\t\t\t\t\n\t\t\t\t\n\t\t\t<\/div>\n\t\t\t\n\t\t<\/div>\n\t\t\t\t\t\t<\/div>\n\t\t\t\t<\/div>\n\t\t\t\t<div class=\"elementor-element elementor-element-36f11a8 elementor-position-inline-start elementor-view-default elementor-mobile-position-block-start elementor-widget elementor-widget-icon-box\" data-id=\"36f11a8\" data-element_type=\"widget\" data-e-type=\"widget\" data-widget_type=\"icon-box.default\">\n\t\t\t\t<div class=\"elementor-widget-container\">\n\t\t\t\t\t\t\t<div class=\"elementor-icon-box-wrapper\">\n\n\t\t\t\t\t\t<div class=\"elementor-icon-box-icon\">\n\t\t\t\t<span  class=\"elementor-icon\">\n\t\t\t\t<i aria-hidden=\"true\" class=\"fas fa-square\"><\/i>\t\t\t\t<\/span>\n\t\t\t<\/div>\n\t\t\t\n\t\t\t\t\t\t<div class=\"elementor-icon-box-content\">\n\n\t\t\t\t\t\t\t\t\t<h5 class=\"elementor-icon-box-title\">\n\t\t\t\t\t\t<span  >\n\t\t\t\t\t\t\tTurkuaz\t\t\t\t\t\t<\/span>\n\t\t\t\t\t<\/h5>\n\t\t\t\t\n\t\t\t\t\n\t\t\t<\/div>\n\t\t\t\n\t\t<\/div>\n\t\t\t\t\t\t<\/div>\n\t\t\t\t<\/div>\n\t\t\t\t<div class=\"elementor-element elementor-element-2f006bf elementor-position-inline-start elementor-view-default elementor-mobile-position-block-start elementor-widget elementor-widget-icon-box\" data-id=\"2f006bf\" data-element_type=\"widget\" data-e-type=\"widget\" data-widget_type=\"icon-box.default\">\n\t\t\t\t<div class=\"elementor-widget-container\">\n\t\t\t\t\t\t\t<div class=\"elementor-icon-box-wrapper\">\n\n\t\t\t\t\t\t<div class=\"elementor-icon-box-icon\">\n\t\t\t\t<span  class=\"elementor-icon\">\n\t\t\t\t<i aria-hidden=\"true\" class=\"fas fa-square\"><\/i>\t\t\t\t<\/span>\n\t\t\t<\/div>\n\t\t\t\n\t\t\t\t\t\t<div class=\"elementor-icon-box-content\">\n\n\t\t\t\t\t\t\t\t\t<h5 class=\"elementor-icon-box-title\">\n\t\t\t\t\t\t<span  >\n\t\t\t\t\t\t\tBordo\t\t\t\t\t\t<\/span>\n\t\t\t\t\t<\/h5>\n\t\t\t\t\n\t\t\t\t\n\t\t\t<\/div>\n\t\t\t\n\t\t<\/div>\n\t\t\t\t\t\t<\/div>\n\t\t\t\t<\/div>\n\t\t\t\t<div class=\"elementor-element elementor-element-32d0eb5 elementor-position-inline-start elementor-view-default elementor-mobile-position-block-start elementor-widget elementor-widget-icon-box\" data-id=\"32d0eb5\" data-element_type=\"widget\" data-e-type=\"widget\" data-widget_type=\"icon-box.default\">\n\t\t\t\t<div class=\"elementor-widget-container\">\n\t\t\t\t\t\t\t<div class=\"elementor-icon-box-wrapper\">\n\n\t\t\t\t\t\t<div class=\"elementor-icon-box-icon\">\n\t\t\t\t<span  class=\"elementor-icon\">\n\t\t\t\t<i aria-hidden=\"true\" class=\"fas fa-square\"><\/i>\t\t\t\t<\/span>\n\t\t\t<\/div>\n\t\t\t\n\t\t\t\t\t\t<div class=\"elementor-icon-box-content\">\n\n\t\t\t\t\t\t\t\t\t<h5 class=\"elementor-icon-box-title\">\n\t\t\t\t\t\t<span  >\n\t\t\t\t\t\t\tSiyah\t\t\t\t\t\t<\/span>\n\t\t\t\t\t<\/h5>\n\t\t\t\t\n\t\t\t\t\n\t\t\t<\/div>\n\t\t\t\n\t\t<\/div>\n\t\t\t\t\t\t<\/div>\n\t\t\t\t<\/div>\n\t\t\t\t<div class=\"elementor-element elementor-element-c768de4 elementor-position-inline-start elementor-view-default elementor-mobile-position-block-start elementor-widget elementor-widget-icon-box\" data-id=\"c768de4\" data-element_type=\"widget\" data-e-type=\"widget\" data-widget_type=\"icon-box.default\">\n\t\t\t\t<div class=\"elementor-widget-container\">\n\t\t\t\t\t\t\t<div class=\"elementor-icon-box-wrapper\">\n\n\t\t\t\t\t\t<div class=\"elementor-icon-box-icon\">\n\t\t\t\t<span  class=\"elementor-icon\">\n\t\t\t\t<i aria-hidden=\"true\" class=\"fas fa-square\"><\/i>\t\t\t\t<\/span>\n\t\t\t<\/div>\n\t\t\t\n\t\t\t\t\t\t<div class=\"elementor-icon-box-content\">\n\n\t\t\t\t\t\t\t\t\t<h5 class=\"elementor-icon-box-title\">\n\t\t\t\t\t\t<span  >\n\t\t\t\t\t\t\tKahverengi\t\t\t\t\t\t<\/span>\n\t\t\t\t\t<\/h5>\n\t\t\t\t\n\t\t\t\t\n\t\t\t<\/div>\n\t\t\t\n\t\t<\/div>\n\t\t\t\t\t\t<\/div>\n\t\t\t\t<\/div>\n\t\t\t\t<div class=\"elementor-element elementor-element-f5cc399 elementor-position-inline-start elementor-view-default elementor-mobile-position-block-start elementor-widget elementor-widget-icon-box\" data-id=\"f5cc399\" data-element_type=\"widget\" data-e-type=\"widget\" data-widget_type=\"icon-box.default\">\n\t\t\t\t<div class=\"elementor-widget-container\">\n\t\t\t\t\t\t\t<div class=\"elementor-icon-box-wrapper\">\n\n\t\t\t\t\t\t<div class=\"elementor-icon-box-icon\">\n\t\t\t\t<span  class=\"elementor-icon\">\n\t\t\t\t<i aria-hidden=\"true\" class=\"fas fa-square\"><\/i>\t\t\t\t<\/span>\n\t\t\t<\/div>\n\t\t\t\n\t\t\t\t\t\t<div class=\"elementor-icon-box-content\">\n\n\t\t\t\t\t\t\t\t\t<h5 class=\"elementor-icon-box-title\">\n\t\t\t\t\t\t<span  >\n\t\t\t\t\t\t\tBej\t\t\t\t\t\t<\/span>\n\t\t\t\t\t<\/h5>\n\t\t\t\t\n\t\t\t\t\n\t\t\t<\/div>\n\t\t\t\n\t\t<\/div>\n\t\t\t\t\t\t<\/div>\n\t\t\t\t<\/div>\n\t\t\t\t<div class=\"elementor-element elementor-element-9f283f2 elementor-position-inline-start elementor-view-default elementor-mobile-position-block-start elementor-widget elementor-widget-icon-box\" data-id=\"9f283f2\" data-element_type=\"widget\" data-e-type=\"widget\" data-widget_type=\"icon-box.default\">\n\t\t\t\t<div class=\"elementor-widget-container\">\n\t\t\t\t\t\t\t<div class=\"elementor-icon-box-wrapper\">\n\n\t\t\t\t\t\t<div class=\"elementor-icon-box-icon\">\n\t\t\t\t<span  class=\"elementor-icon\">\n\t\t\t\t<i aria-hidden=\"true\" class=\"fas fa-square\"><\/i>\t\t\t\t<\/span>\n\t\t\t<\/div>\n\t\t\t\n\t\t\t\t\t\t<div class=\"elementor-icon-box-content\">\n\n\t\t\t\t\t\t\t\t\t<h5 class=\"elementor-icon-box-title\">\n\t\t\t\t\t\t<span  >\n\t\t\t\t\t\t\tSar\u0131\t\t\t\t\t\t<\/span>\n\t\t\t\t\t<\/h5>\n\t\t\t\t\n\t\t\t\t\n\t\t\t<\/div>\n\t\t\t\n\t\t<\/div>\n\t\t\t\t\t\t<\/div>\n\t\t\t\t<\/div>\n\t\t\t\t<div class=\"elementor-element elementor-element-d60c62e elementor-position-inline-start elementor-view-default elementor-mobile-position-block-start elementor-widget elementor-widget-icon-box\" data-id=\"d60c62e\" data-element_type=\"widget\" data-e-type=\"widget\" data-widget_type=\"icon-box.default\">\n\t\t\t\t<div class=\"elementor-widget-container\">\n\t\t\t\t\t\t\t<div class=\"elementor-icon-box-wrapper\">\n\n\t\t\t\t\t\t<div class=\"elementor-icon-box-icon\">\n\t\t\t\t<span  class=\"elementor-icon\">\n\t\t\t\t<i aria-hidden=\"true\" class=\"fas fa-square\"><\/i>\t\t\t\t<\/span>\n\t\t\t<\/div>\n\t\t\t\n\t\t\t\t\t\t<div class=\"elementor-icon-box-content\">\n\n\t\t\t\t\t\t\t\t\t<h5 class=\"elementor-icon-box-title\">\n\t\t\t\t\t\t<span  >\n\t\t\t\t\t\t\tMavi\t\t\t\t\t\t<\/span>\n\t\t\t\t\t<\/h5>\n\t\t\t\t\n\t\t\t\t\n\t\t\t<\/div>\n\t\t\t\n\t\t<\/div>\n\t\t\t\t\t\t<\/div>\n\t\t\t\t<\/div>\n\t\t\t\t\t<\/div>\n\t\t<\/div>\n\t\t\t\t\t<\/div>\n\t\t<\/section>\n\t\t\t\t<section class=\"elementor-section elementor-top-section elementor-element elementor-element-76b7922 elementor-section-boxed elementor-section-height-default elementor-section-height-default\" data-id=\"76b7922\" data-element_type=\"section\" data-e-type=\"section\">\n\t\t\t\t\t\t<div class=\"elementor-container elementor-column-gap-default\">\n\t\t\t\t\t<div class=\"elementor-column elementor-col-100 elementor-top-column elementor-element elementor-element-c995548\" data-id=\"c995548\" data-element_type=\"column\" data-e-type=\"column\">\n\t\t\t<div class=\"elementor-widget-wrap elementor-element-populated\">\n\t\t\t\t\t\t<div class=\"elementor-element elementor-element-d81798c elementor-widget elementor-widget-image-gallery\" data-id=\"d81798c\" data-element_type=\"widget\" data-e-type=\"widget\" data-widget_type=\"image-gallery.default\">\n\t\t\t\t<div class=\"elementor-widget-container\">\n\t\t\t\t\t\t\t<div class=\"elementor-image-gallery\">\n\t\t\t<div id='gallery-1' class='gallery galleryid-2405 gallery-columns-4 gallery-size-thumbnail'><figure class='gallery-item'>\n\t\t\t<div class='gallery-icon landscape'>\n\t\t\t\t<a data-elementor-open-lightbox=\"yes\" data-elementor-lightbox-slideshow=\"d81798c\" data-elementor-lightbox-title=\"kivircik-paspas-1-1\" data-e-action-hash=\"#elementor-action%3Aaction%3Dlightbox%26settings%3DeyJpZCI6MjQwOCwidXJsIjoiaHR0cHM6XC9cL3d3dy5ha2t1c2hhbGljaWxpay5jb21cL3dwLWNvbnRlbnRcL3VwbG9hZHNcL2tpdmlyY2lrLXBhc3Bhcy0xLTEuanBnIiwic2xpZGVzaG93IjoiZDgxNzk4YyJ9\" href='https:\/\/www.akkushalicilik.com\/wp-content\/uploads\/kivircik-paspas-1-1.jpg'><img decoding=\"async\" width=\"150\" height=\"150\" src=\"https:\/\/www.akkushalicilik.com\/wp-content\/uploads\/kivircik-paspas-1-1-150x150.jpg\" class=\"attachment-thumbnail size-thumbnail\" alt=\"\" srcset=\"https:\/\/www.akkushalicilik.com\/wp-content\/uploads\/kivircik-paspas-1-1-150x150.jpg 150w, https:\/\/www.akkushalicilik.com\/wp-content\/uploads\/kivircik-paspas-1-1-100x100.jpg 100w\" sizes=\"(max-width: 150px) 100vw, 150px\" \/><\/a>\n\t\t\t<\/div><\/figure><figure class='gallery-item'>\n\t\t\t<div class='gallery-icon landscape'>\n\t\t\t\t<a data-elementor-open-lightbox=\"yes\" data-elementor-lightbox-slideshow=\"d81798c\" data-elementor-lightbox-title=\"kivircik-paspas-1-2\" data-e-action-hash=\"#elementor-action%3Aaction%3Dlightbox%26settings%3DeyJpZCI6MjQwOSwidXJsIjoiaHR0cHM6XC9cL3d3dy5ha2t1c2hhbGljaWxpay5jb21cL3dwLWNvbnRlbnRcL3VwbG9hZHNcL2tpdmlyY2lrLXBhc3Bhcy0xLTIuanBnIiwic2xpZGVzaG93IjoiZDgxNzk4YyJ9\" href='https:\/\/www.akkushalicilik.com\/wp-content\/uploads\/kivircik-paspas-1-2.jpg'><img decoding=\"async\" width=\"150\" height=\"150\" src=\"https:\/\/www.akkushalicilik.com\/wp-content\/uploads\/kivircik-paspas-1-2-150x150.jpg\" class=\"attachment-thumbnail size-thumbnail\" alt=\"\" srcset=\"https:\/\/www.akkushalicilik.com\/wp-content\/uploads\/kivircik-paspas-1-2-150x150.jpg 150w, https:\/\/www.akkushalicilik.com\/wp-content\/uploads\/kivircik-paspas-1-2-100x100.jpg 100w\" sizes=\"(max-width: 150px) 100vw, 150px\" \/><\/a>\n\t\t\t<\/div><\/figure><figure class='gallery-item'>\n\t\t\t<div class='gallery-icon landscape'>\n\t\t\t\t<a data-elementor-open-lightbox=\"yes\" data-elementor-lightbox-slideshow=\"d81798c\" data-elementor-lightbox-title=\"kivircik-paspas-1-3\" data-e-action-hash=\"#elementor-action%3Aaction%3Dlightbox%26settings%3DeyJpZCI6MjQxMCwidXJsIjoiaHR0cHM6XC9cL3d3dy5ha2t1c2hhbGljaWxpay5jb21cL3dwLWNvbnRlbnRcL3VwbG9hZHNcL2tpdmlyY2lrLXBhc3Bhcy0xLTMuanBnIiwic2xpZGVzaG93IjoiZDgxNzk4YyJ9\" href='https:\/\/www.akkushalicilik.com\/wp-content\/uploads\/kivircik-paspas-1-3.jpg'><img decoding=\"async\" width=\"150\" height=\"150\" src=\"https:\/\/www.akkushalicilik.com\/wp-content\/uploads\/kivircik-paspas-1-3-150x150.jpg\" class=\"attachment-thumbnail size-thumbnail\" alt=\"\" srcset=\"https:\/\/www.akkushalicilik.com\/wp-content\/uploads\/kivircik-paspas-1-3-150x150.jpg 150w, https:\/\/www.akkushalicilik.com\/wp-content\/uploads\/kivircik-paspas-1-3-100x100.jpg 100w\" sizes=\"(max-width: 150px) 100vw, 150px\" \/><\/a>\n\t\t\t<\/div><\/figure><figure class='gallery-item'>\n\t\t\t<div class='gallery-icon landscape'>\n\t\t\t\t<a data-elementor-open-lightbox=\"yes\" data-elementor-lightbox-slideshow=\"d81798c\" data-elementor-lightbox-title=\"kivircik-paspas-1-4\" data-e-action-hash=\"#elementor-action%3Aaction%3Dlightbox%26settings%3DeyJpZCI6MjQxMSwidXJsIjoiaHR0cHM6XC9cL3d3dy5ha2t1c2hhbGljaWxpay5jb21cL3dwLWNvbnRlbnRcL3VwbG9hZHNcL2tpdmlyY2lrLXBhc3Bhcy0xLTQuanBnIiwic2xpZGVzaG93IjoiZDgxNzk4YyJ9\" href='https:\/\/www.akkushalicilik.com\/wp-content\/uploads\/kivircik-paspas-1-4.jpg'><img loading=\"lazy\" decoding=\"async\" width=\"150\" height=\"150\" src=\"https:\/\/www.akkushalicilik.com\/wp-content\/uploads\/kivircik-paspas-1-4-150x150.jpg\" class=\"attachment-thumbnail size-thumbnail\" alt=\"\" srcset=\"https:\/\/www.akkushalicilik.com\/wp-content\/uploads\/kivircik-paspas-1-4-150x150.jpg 150w, https:\/\/www.akkushalicilik.com\/wp-content\/uploads\/kivircik-paspas-1-4-100x100.jpg 100w\" sizes=\"(max-width: 150px) 100vw, 150px\" \/><\/a>\n\t\t\t<\/div><\/figure><figure class='gallery-item'>\n\t\t\t<div class='gallery-icon landscape'>\n\t\t\t\t<a data-elementor-open-lightbox=\"yes\" data-elementor-lightbox-slideshow=\"d81798c\" data-elementor-lightbox-title=\"kivircik-paspas-1-5\" data-e-action-hash=\"#elementor-action%3Aaction%3Dlightbox%26settings%3DeyJpZCI6MjQxMiwidXJsIjoiaHR0cHM6XC9cL3d3dy5ha2t1c2hhbGljaWxpay5jb21cL3dwLWNvbnRlbnRcL3VwbG9hZHNcL2tpdmlyY2lrLXBhc3Bhcy0xLTUuanBnIiwic2xpZGVzaG93IjoiZDgxNzk4YyJ9\" href='https:\/\/www.akkushalicilik.com\/wp-content\/uploads\/kivircik-paspas-1-5.jpg'><img loading=\"lazy\" decoding=\"async\" width=\"150\" height=\"150\" src=\"https:\/\/www.akkushalicilik.com\/wp-content\/uploads\/kivircik-paspas-1-5-150x150.jpg\" class=\"attachment-thumbnail size-thumbnail\" alt=\"\" srcset=\"https:\/\/www.akkushalicilik.com\/wp-content\/uploads\/kivircik-paspas-1-5-150x150.jpg 150w, https:\/\/www.akkushalicilik.com\/wp-content\/uploads\/kivircik-paspas-1-5-100x100.jpg 100w\" sizes=\"(max-width: 150px) 100vw, 150px\" \/><\/a>\n\t\t\t<\/div><\/figure><figure class='gallery-item'>\n\t\t\t<div class='gallery-icon landscape'>\n\t\t\t\t<a data-elementor-open-lightbox=\"yes\" data-elementor-lightbox-slideshow=\"d81798c\" data-elementor-lightbox-title=\"kivircik-paspas-1-6\" data-e-action-hash=\"#elementor-action%3Aaction%3Dlightbox%26settings%3DeyJpZCI6MjQxMywidXJsIjoiaHR0cHM6XC9cL3d3dy5ha2t1c2hhbGljaWxpay5jb21cL3dwLWNvbnRlbnRcL3VwbG9hZHNcL2tpdmlyY2lrLXBhc3Bhcy0xLTYuanBnIiwic2xpZGVzaG93IjoiZDgxNzk4YyJ9\" href='https:\/\/www.akkushalicilik.com\/wp-content\/uploads\/kivircik-paspas-1-6.jpg'><img loading=\"lazy\" decoding=\"async\" width=\"150\" height=\"150\" src=\"https:\/\/www.akkushalicilik.com\/wp-content\/uploads\/kivircik-paspas-1-6-150x150.jpg\" class=\"attachment-thumbnail size-thumbnail\" alt=\"\" srcset=\"https:\/\/www.akkushalicilik.com\/wp-content\/uploads\/kivircik-paspas-1-6-150x150.jpg 150w, https:\/\/www.akkushalicilik.com\/wp-content\/uploads\/kivircik-paspas-1-6-100x100.jpg 100w\" sizes=\"(max-width: 150px) 100vw, 150px\" \/><\/a>\n\t\t\t<\/div><\/figure><figure class='gallery-item'>\n\t\t\t<div class='gallery-icon landscape'>\n\t\t\t\t<a data-elementor-open-lightbox=\"yes\" data-elementor-lightbox-slideshow=\"d81798c\" data-elementor-lightbox-title=\"kivircik-paspas-1-7\" data-e-action-hash=\"#elementor-action%3Aaction%3Dlightbox%26settings%3DeyJpZCI6MjQxNCwidXJsIjoiaHR0cHM6XC9cL3d3dy5ha2t1c2hhbGljaWxpay5jb21cL3dwLWNvbnRlbnRcL3VwbG9hZHNcL2tpdmlyY2lrLXBhc3Bhcy0xLTcuanBnIiwic2xpZGVzaG93IjoiZDgxNzk4YyJ9\" href='https:\/\/www.akkushalicilik.com\/wp-content\/uploads\/kivircik-paspas-1-7.jpg'><img loading=\"lazy\" decoding=\"async\" width=\"150\" height=\"150\" src=\"https:\/\/www.akkushalicilik.com\/wp-content\/uploads\/kivircik-paspas-1-7-150x150.jpg\" class=\"attachment-thumbnail size-thumbnail\" alt=\"\" srcset=\"https:\/\/www.akkushalicilik.com\/wp-content\/uploads\/kivircik-paspas-1-7-150x150.jpg 150w, https:\/\/www.akkushalicilik.com\/wp-content\/uploads\/kivircik-paspas-1-7-100x100.jpg 100w\" sizes=\"(max-width: 150px) 100vw, 150px\" \/><\/a>\n\t\t\t<\/div><\/figure>\n\t\t<\/div>\n\t\t<\/div>\n\t\t\t\t\t\t<\/div>\n\t\t\t\t<\/div>\n\t\t\t\t\t<\/div>\n\t\t<\/div>\n\t\t\t\t\t<\/div>\n\t\t<\/section>\n\t\t\t\t<\/div>\n\t\t","protected":false},"excerpt":{"rendered":"<p>K\u0131v\u0131rc\u0131k Paspas Tipleri<\/p>\n","protected":false},"featured_media":2406,"template":"","meta":{"_kad_post_transparent":"default","_kad_post_title":"","_kad_post_layout":"default","_kad_post_sidebar_id":"","_kad_post_content_style":"default","_kad_post_vertical_padding":"default","_kad_post_feature":"","_kad_post_feature_position":"","_kad_post_header":false,"_kad_post_footer":false,"_kad_post_classname":""},"product_brand":[],"product_cat":[30],"product_tag":[],"class_list":{"0":"post-2405","1":"product","2":"type-product","3":"status-publish","4":"has-post-thumbnail","6":"product_cat-paspas","8":"first","9":"instock","10":"featured","11":"shipping-taxable","12":"product-type-simple","13":"entry","14":"content-bg","15":"loop-entry"},"jetpack_sharing_enabled":true,"_links":{"self":[{"href":"https:\/\/www.akkushalicilik.com\/index.php?rest_route=\/wp\/v2\/product\/2405","targetHints":{"allow":["GET"]}}],"collection":[{"href":"https:\/\/www.akkushalicilik.com\/index.php?rest_route=\/wp\/v2\/product"}],"about":[{"href":"https:\/\/www.akkushalicilik.com\/index.php?rest_route=\/wp\/v2\/types\/product"}],"version-history":[{"count":9,"href":"https:\/\/www.akkushalicilik.com\/index.php?rest_route=\/wp\/v2\/product\/2405\/revisions"}],"predecessor-version":[{"id":2437,"href":"https:\/\/www.akkushalicilik.com\/index.php?rest_route=\/wp\/v2\/product\/2405\/revisions\/2437"}],"wp:featuredmedia":[{"embeddable":true,"href":"https:\/\/www.akkushalicilik.com\/index.php?rest_route=\/wp\/v2\/media\/2406"}],"wp:attachment":[{"href":"https:\/\/www.akkushalicilik.com\/index.php?rest_route=%2Fwp%2Fv2%2Fmedia&parent=2405"}],"wp:term":[{"taxonomy":"product_brand","embeddable":true,"href":"https:\/\/www.akkushalicilik.com\/index.php?rest_route=%2Fwp%2Fv2%2Fproduct_brand&post=2405"},{"taxonomy":"product_cat","embeddable":true,"href":"https:\/\/www.akkushalicilik.com\/index.php?rest_route=%2Fwp%2Fv2%2Fproduct_cat&post=2405"},{"taxonomy":"product_tag","embeddable":true,"href":"https:\/\/www.akkushalicilik.com\/index.php?rest_route=%2Fwp%2Fv2%2Fproduct_tag&post=2405"}],"curies":[{"name":"wp","href":"https:\/\/api.w.org\/{rel}","templated":true}]}}