{"id":2565,"date":"2022-03-20T21:11:21","date_gmt":"2022-03-20T18:11:21","guid":{"rendered":"https:\/\/www.akkushalicilik.com\/?post_type=product&#038;p=2565"},"modified":"2022-03-20T21:13:39","modified_gmt":"2022-03-20T18:13:39","slug":"brooklyn-171567-1","status":"publish","type":"product","link":"https:\/\/www.akkushalicilik.com\/?product=brooklyn-171567-1","title":{"rendered":"Brooklyn 171567\/1"},"content":{"rendered":"\t\t<div data-elementor-type=\"wp-post\" data-elementor-id=\"2565\" class=\"elementor elementor-2565\">\n\t\t\t\t\t\t<section class=\"elementor-section elementor-top-section elementor-element elementor-element-371f9e2 elementor-section-boxed elementor-section-height-default elementor-section-height-default\" data-id=\"371f9e2\" data-element_type=\"section\" data-e-type=\"section\">\n\t\t\t\t\t\t<div class=\"elementor-container elementor-column-gap-default\">\n\t\t\t\t\t<div class=\"elementor-column elementor-col-100 elementor-top-column elementor-element elementor-element-171e9606\" data-id=\"171e9606\" data-element_type=\"column\" data-e-type=\"column\">\n\t\t\t<div class=\"elementor-widget-wrap elementor-element-populated\">\n\t\t\t\t\t\t<div class=\"elementor-element elementor-element-40c039e0 elementor-widget elementor-widget-text-editor\" data-id=\"40c039e0\" data-element_type=\"widget\" data-e-type=\"widget\" data-widget_type=\"text-editor.default\">\n\t\t\t\t<div class=\"elementor-widget-container\">\n\t\t\t\t\t\t\t\t\t<h4>B\u0130LE\u015e\u0130M<\/h4><p>Y\u00fcz kuma\u015f\u0131\/Face Fabric: 100% PL<br \/>Arkal\u0131k\/Backing: 30% PP &#8211; 70% TPE<\/p>\t\t\t\t\t\t\t\t<\/div>\n\t\t\t\t<\/div>\n\t\t\t\t\t<\/div>\n\t\t<\/div>\n\t\t\t\t\t<\/div>\n\t\t<\/section>\n\t\t\t\t<section class=\"elementor-section elementor-top-section elementor-element elementor-element-76b7922 elementor-section-boxed elementor-section-height-default elementor-section-height-default\" data-id=\"76b7922\" data-element_type=\"section\" data-e-type=\"section\">\n\t\t\t\t\t\t<div class=\"elementor-container elementor-column-gap-default\">\n\t\t\t\t\t<div class=\"elementor-column elementor-col-100 elementor-top-column elementor-element elementor-element-c995548\" data-id=\"c995548\" data-element_type=\"column\" data-e-type=\"column\">\n\t\t\t<div class=\"elementor-widget-wrap elementor-element-populated\">\n\t\t\t\t\t\t<div class=\"elementor-element elementor-element-d81798c elementor-widget elementor-widget-image-gallery\" data-id=\"d81798c\" data-element_type=\"widget\" data-e-type=\"widget\" data-widget_type=\"image-gallery.default\">\n\t\t\t\t<div class=\"elementor-widget-container\">\n\t\t\t\t\t\t\t<div class=\"elementor-image-gallery\">\n\t\t\t<div id='gallery-1' class='gallery galleryid-2565 gallery-columns-4 gallery-size-thumbnail'><figure class='gallery-item'>\n\t\t\t<div class='gallery-icon landscape'>\n\t\t\t\t<a data-elementor-open-lightbox=\"yes\" data-elementor-lightbox-slideshow=\"d81798c\" data-elementor-lightbox-title=\"res-suzi-galeri4\" data-e-action-hash=\"#elementor-action%3Aaction%3Dlightbox%26settings%3DeyJpZCI6MjU2OCwidXJsIjoiaHR0cHM6XC9cL3d3dy5ha2t1c2hhbGljaWxpay5jb21cL3dwLWNvbnRlbnRcL3VwbG9hZHNcL3Jlcy1zdXppLWdhbGVyaTQuanBnIiwic2xpZGVzaG93IjoiZDgxNzk4YyJ9\" href='https:\/\/www.akkushalicilik.com\/wp-content\/uploads\/res-suzi-galeri4.jpg'><img decoding=\"async\" width=\"150\" height=\"150\" src=\"https:\/\/www.akkushalicilik.com\/wp-content\/uploads\/res-suzi-galeri4-150x150.jpg\" class=\"attachment-thumbnail size-thumbnail\" alt=\"\" srcset=\"https:\/\/www.akkushalicilik.com\/wp-content\/uploads\/res-suzi-galeri4-150x150.jpg 150w, https:\/\/www.akkushalicilik.com\/wp-content\/uploads\/res-suzi-galeri4-100x100.jpg 100w\" sizes=\"(max-width: 150px) 100vw, 150px\" \/><\/a>\n\t\t\t<\/div><\/figure>\n\t\t<\/div>\n\t\t<\/div>\n\t\t\t\t\t\t<\/div>\n\t\t\t\t<\/div>\n\t\t\t\t\t<\/div>\n\t\t<\/div>\n\t\t\t\t\t<\/div>\n\t\t<\/section>\n\t\t\t\t<\/div>\n\t\t","protected":false},"excerpt":{"rendered":"<p>Yanmaz Yolluklar<\/p>\n","protected":false},"featured_media":2566,"template":"","meta":{"_kad_post_transparent":"default","_kad_post_title":"","_kad_post_layout":"default","_kad_post_sidebar_id":"","_kad_post_content_style":"default","_kad_post_vertical_padding":"default","_kad_post_feature":"","_kad_post_feature_position":"","_kad_post_header":false,"_kad_post_footer":false,"_kad_post_classname":""},"product_brand":[],"product_cat":[28],"product_tag":[],"class_list":{"0":"post-2565","1":"product","2":"type-product","3":"status-publish","4":"has-post-thumbnail","6":"product_cat-susy","8":"first","9":"instock","10":"featured","11":"shipping-taxable","12":"product-type-simple","13":"entry","14":"content-bg","15":"loop-entry"},"jetpack_sharing_enabled":true,"_links":{"self":[{"href":"https:\/\/www.akkushalicilik.com\/index.php?rest_route=\/wp\/v2\/product\/2565","targetHints":{"allow":["GET"]}}],"collection":[{"href":"https:\/\/www.akkushalicilik.com\/index.php?rest_route=\/wp\/v2\/product"}],"about":[{"href":"https:\/\/www.akkushalicilik.com\/index.php?rest_route=\/wp\/v2\/types\/product"}],"version-history":[{"count":5,"href":"https:\/\/www.akkushalicilik.com\/index.php?rest_route=\/wp\/v2\/product\/2565\/revisions"}],"predecessor-version":[{"id":2572,"href":"https:\/\/www.akkushalicilik.com\/index.php?rest_route=\/wp\/v2\/product\/2565\/revisions\/2572"}],"wp:featuredmedia":[{"embeddable":true,"href":"https:\/\/www.akkushalicilik.com\/index.php?rest_route=\/wp\/v2\/media\/2566"}],"wp:attachment":[{"href":"https:\/\/www.akkushalicilik.com\/index.php?rest_route=%2Fwp%2Fv2%2Fmedia&parent=2565"}],"wp:term":[{"taxonomy":"product_brand","embeddable":true,"href":"https:\/\/www.akkushalicilik.com\/index.php?rest_route=%2Fwp%2Fv2%2Fproduct_brand&post=2565"},{"taxonomy":"product_cat","embeddable":true,"href":"https:\/\/www.akkushalicilik.com\/index.php?rest_route=%2Fwp%2Fv2%2Fproduct_cat&post=2565"},{"taxonomy":"product_tag","embeddable":true,"href":"https:\/\/www.akkushalicilik.com\/index.php?rest_route=%2Fwp%2Fv2%2Fproduct_tag&post=2565"}],"curies":[{"name":"wp","href":"https:\/\/api.w.org\/{rel}","templated":true}]}}